{"id":85,"date":"2021-12-20T01:23:20","date_gmt":"2021-12-19T23:23:20","guid":{"rendered":"https:\/\/scandia.ro\/?page_id=85"},"modified":"2021-12-20T01:23:20","modified_gmt":"2021-12-19T23:23:20","slug":"politica-de-confidentialitate","status":"publish","type":"page","link":"https:\/\/scandia.ro\/en\/politica-de-confidentialitate\/","title":{"rendered":"Privacy Policy"},"content":{"rendered":"<p>Cuprins:<\/p>\n\n\n\n<p>1. Introducere<br>1.1 Operatorul de date cu caracter personal \u00een rela\u0163ia cu dumneavoastr\u0103<br>1.2 Cui i se aplic\u0103 aceast\u0103 Politic\u0103 de Confiden\u021bialitate?<br>1.3 Defini\u021bii<br>2. Categorii de date pe care le prelucr\u0103m<br>3. Cum colect\u0103m datele dvs. cu caracter personal<br>4. Forma stoc\u0103rii datelor cu caracter personal<br>5. Scopul prelucr\u0103rii datelor<br>6. C\u0103tre cine dezv\u0103luim informa\u021biile dvs.<br>7. Perioada pentru care vor fi stocate datele dumneavoastr\u0103 cu caracter personal<br>8. Drepturile dumneavostr\u0103 \u00een leg\u0103tur\u0103 cu prelucrarea datelor cu caracter personal<br>9. Securitatea datelor cu caracter personal<br>10. Bre\u0219ele de securitate<br>11. C\u00e2nd se aplic\u0103 aceast\u0103 Politic\u0103 de confiden\u021bialitate<br>12. Schimb\u0103ri<br>1. Introducere<\/p>\n\n\n\n<p>Confiden\u0163ialitatea datelor cu caracter personal reprezint\u0103 una din preocup\u0103rile principale \u00een cadrul societ\u0103\u0163ii SCANDIA FOOD SRL. Ca atare, dorim s\u0103 asigur\u0103m cele mai \u00eenalte standarde de confiden\u0163ialitate \u015fi transparen\u0163\u0103 cu privire la datele cu caracter personal pe care le prelucr\u0103m \u00een activitatea noastr\u0103 curent\u0103.<\/p>\n\n\n\n<p>\u00centruc\u00e2t \u00een desf\u0103\u0219urarea activit\u0103\u021bii este necesar s\u0103 prelucr\u0103m o serie de date cu caracter personal cu predilec\u021bie \u00een raport de specificul obiectului nostru de activitate dorim s\u0103 oferim asigur\u0103ri c\u0103 prelucrarea va avea loc cu respectarea principiilor transparen\u0163ei \u015fi securit\u0103\u0163ii datelor cu caracter personal.<br>Aceast\u0103 politic\u0103 de confiden\u021bialitate este menit\u0103 s\u0103 v\u0103 ajute s\u0103 \u00een\u021belege\u021bi ce date colect\u0103m, de ce le colect\u0103m \u0219i ce facem cu ele.<\/p>\n\n\n\n<p>Sper\u0103m c\u0103 ve\u021bi avea timp s\u0103 citi\u021bi prezenta politic\u0103 de confiden\u021bialitate cu aten\u0163ie. Am \u00eencercat s\u0103 formul\u0103m aceast\u0103 politic\u0103 \u00eentr-un limbaj c\u00e2t se poate de simplu, astfel \u00eenc\u00e2t s\u0103 fie clar\u0103 \u0219i inteligibil\u0103.<\/p>\n\n\n\n<p>1.1 Operatorul de date cu caracter personal \u00een rela\u0163ia cu dumneavoastr\u0103<\/p>\n\n\n\n<p>Operatorul de date cu caracter personal \u00een rela\u0163ia cu datele personale furnizate de dumneavoastr\u0103 este societatea SCANDIA FOOD S.R.L., cu sediul \u00een Mun. Sibiu, str. Podului, nr. 133, Jud. Sibiu, \u00eenregistrat\u0103 la Oficiul Registrului Comer\u021bului de pe l\u00e2ng\u0103 Tribunalul Sibiu sub nr. J32\/84\/2004, av\u00e2nd CUI RO 16070576.<\/p>\n\n\n\n<p>1.2 Cui i se aplic\u0103 aceast\u0103 Politic\u0103 de Confiden\u021bialitate?<\/p>\n\n\n\n<p>Prezenta Politic\u0103 de Confiden\u021bialitate se aplic\u0103 vizitatorilor site-ului nostru http:\/\/www.scandia.ro\/ precum \u015fi, persoanelor care acceseaz\u0103 paginile noastre de facebook: https:\/\/www.facebook.com\/Scandia.Food\/; https:\/\/www.facebook.com\/ScandiaSibiu\/<\/p>\n\n\n\n<p>Aceast\u0103 politic\u0103 de confiden\u0163ialitate nu se aplic\u0103 vizitatorilor site-ului nostru, care au \u00een acela\u015fi timp calitatea de client, poten\u0163ial angajat, angajat sau furnizor al societ\u0103\u0163ii noastre.<\/p>\n\n\n\n<p>\u00cen m\u0103sura \u00een care ave\u0163i una din aceste din urm\u0103 calit\u0103\u0163i, v\u0103 rug\u0103m s\u0103 accesa\u0163i urm\u0103toarea politic\u0103 de confiden\u0163ialitate:<\/p>\n\n\n\n<p>1.3 Defini\u021bii<\/p>\n\n\n\n<p>a. \u201edate cu caracter personal\u201d \u00eenseamn\u0103 orice informa\u021bii privind o persoan\u0103 fizic\u0103 identificat\u0103 sau identificabil\u0103 (\u201epersoana vizat\u0103\u201d); o persoan\u0103 fizic\u0103 identificabil\u0103 este o persoan\u0103 care poate fi identificat\u0103, direct sau indirect, \u00een special prin referire la un element de identificare, cum ar fi un nume, un num\u0103r de identificare, date de localizare, un identificator online, sau la unul sau mai multe elemente specifice, proprii identit\u0103\u021bii sale fizice, fiziologice, genetice, psihice, economice, culturale sau sociale;<br>b. \u201eprelucrare\u201d \u00eenseamn\u0103 orice opera\u021biune sau set de opera\u021biuni efectuate asupra datelor cu caracter personal sau asupra seturilor de date cu caracter personal, cu sau f\u0103r\u0103 utilizarea de mijloace automatizate, cum ar fi colectarea, \u00eenregistrarea, organizarea, structurarea, stocarea, adaptarea sau modificarea, extragerea, consultarea, utilizarea, divulgarea prin transmitere, diseminarea sau punerea la dispozi\u021bie \u00een orice alt mod, alinierea sau combinarea, restric\u021bionarea, \u0219tergerea sau distrugerea;<br>c. \u201eoperator\u201d \u00eenseamn\u0103 persoana fizic\u0103 sau juridic\u0103, autoritatea public\u0103, agen\u021bia sau alt organism care, singur sau \u00eempreun\u0103 cu altele, stabile\u0219te scopurile \u0219i mijloacele de prelucrare a datelor cu caracter personal; atunci c\u00e2nd scopurile \u0219i mijloacele prelucr\u0103rii sunt stabilite prin dreptul Uniunii sau dreptul intern, operatorul sau criteriile specifice pentru desemnarea acestuia pot fi prev\u0103zute \u00een dreptul Uniunii sau \u00een dreptul intern;<br>d. \u201eVizitator\u201d \u2013 orice persoan\u0103 care acceseaz\u0103 sau utilizeaz\u0103 Site-ul nostru;<\/p>\n\n\n\n<p>2. Categorii de date pe care le prelucr\u0103m<\/p>\n\n\n\n<p>\u00cen m\u0103sura \u00een care v\u0103 adresa\u0163i societ\u0103\u0163ii noastre, prin intermediul formularului de contact de pe site, societatea noastr\u0103 poate primi de la dumneavostr\u0103 urm\u0103toarele date: adres\u0103 de e-mail, nume, prenume, num\u0103r de telefon, precum \u015fi alte informa\u0163ii furnizate cu ocazia complet\u0103rii formularului de mesaj.<br>Temeiul proces\u0103rii se reg\u0103se\u0219te \u00een art. 6 alin. 1 lit. a din GDPR, respectiv datele sunt prelucrate \u00een baza consim\u0163\u0103m\u00e2ntului dumneavostr\u0103.<\/p>\n\n\n\n<p>A. Cum colect\u0103m datele dvs. cu caracter personal<br>Colect\u0103m datele dvs. cu caracter personal const\u00e2nd \u00een nume, prenume, adres\u0103 de e-mail, num\u0103r de telefon, etc., direct de la dumneavoastr\u0103, atunci c\u00e2nd, ne trimite\u021bi un mesaj prin intermediul c\u0103ruia ne pune\u0163i o \u00eentrebare, ne solicita\u021bi o informa\u021bie, etc.<\/p>\n\n\n\n<p>B. Forma stoc\u0103rii datelor cu caracter personal<br>Datele personale ale vizitatorilor site-ului nostru precum \u015fi a paginilor noastre de facebook, sunt stocate \u00een format electronic pe calculatoare sau pe server-ul societ\u0103\u0163ii noastre, unde accesul este limitat prin user \u015fi parol\u0103.<\/p>\n\n\n\n<p>C. Scopul prelucr\u0103rii datelor<br>Folosim informa\u021biile pe care le colect\u0103m de la dvs. \u00een urm\u0103toarele scopuri:<br>1. Pentru a comunica cu dvs. \u0219i pentru a v\u0103 solu\u021biona orice probleme sau nel\u0103muriri \u00een leg\u0103tur\u0103 cu serviciile \u015fi produsele noastre;<br>2. \u00cen orice alt scop auxiliar celor de mai sus, sau \u00een orice alt scop pentru care ne- au fost furnizate datele cu caracter personal, cu respectarea legisla\u0163iei \u00een materie;<\/p>\n\n\n\n<p>Uneori, datele cu caracter personal sunt folosite de c\u0103tre SCANDIA FOOD SRL, pentru o serie de scopuri secundare (de ex: pentru arhivare, audit intern, extern etc.), acestea fiind \u00eentotdeauna compatibile cu scopurile principale, pentru care datele au fost colectate. \u00cen situa\u021biile \u00een care vom folosi datele dvs. \u00een alte scopuri dec\u00e2t cele amintite \u00een prezenta Politic\u0103 ne oblig\u0103m s\u0103 ob\u021binem consim\u021b\u0103m\u00e2ntul dvs., cu excep\u021bia cazului \u00een care ne incumb\u0103 o obliga\u021bie legal\u0103 sau avem un alt temei juridic pentru procesarea datelor.<\/p>\n\n\n\n<p>D. C\u0103tre cine dezv\u0103luim informa\u021biile dvs.<br>Ca regul\u0103, informa\u021biile pe care ni le furniza\u021bi \u00een calitate de vizitator al site-ului nostru nu pot fi dezv\u0103luite. Cu toate acestea, pot exista situa\u021bii \u00een care suntem nevoi\u021bi s\u0103 facem acest lucru, cum ar fi cazul, spre exemplu autorit\u0103\u021bi, institu\u021bii \u0219i organismele publice, \u00een cazul \u00een care acestea ne solicit\u0103, \u00een conformitate cu normele fiscale, de protec\u021bie a muncii, de siguran\u021b\u0103 social\u0103 sau cu oricare alte reglement\u0103ri aplicabile.<\/p>\n\n\n\n<p>Totodat\u0103, societatea are dreptul s\u0103 dezv\u0103luie, cu bun\u0103 credin\u021b\u0103, datele cu caracter personal sau alte informa\u021bii atunci c\u00e2nd apreciem c\u0103 este necesar\u0103 luarea de m\u0103suri de precau\u021bie \u00eempotriva r\u0103spunderii, protejarea noastr\u0103 sau a altora de utiliz\u0103ri frauduloase, abuzive sau ilegale, s\u0103 investig\u0103m \u0219i s\u0103 ne ap\u0103ram \u00eempotriva oric\u0103ror revendic\u0103ri sau afirma\u021bii ale ter\u021bilor, s\u0103 protej\u0103m securitatea sau integritatea serviciilor noastre \u0219i a oric\u0103ror facilit\u0103\u021bi sau echipamente utilizate pentru a face serviciile disponibile; s\u0103 ne protej\u0103m drepturile de proprietate sau alte drepturi, precum \u015fi siguran\u0163a celorlal\u0163i ori s\u0103 punem \u00een executare contracte.<br>\u00cen ceea ce prive\u015fte transferul datelor cu caracter personal pe care le-am ob\u0163inut \u00een calitate de simplu vizitator al site-ului nostru c\u0103tre state ter\u0163e men\u0163ion\u0103m c\u0103, societatea SCANDIA FOOD S.R.L., nu transmite aceste date cu caracter personal statelor ter\u0163e.<\/p>\n\n\n\n<p>E. Perioada pentru care vor fi stocate datele dumneavoastr\u0103 cu caracter personal<br>Datele dumneavoastr\u0103 cu caracter personal pe care ni le furniza\u0163i prin intermediul formularului de contact sau a formularului de plasare mesaj, de pe paginile de facebook, vor fi stocate p\u00e2n\u0103 la finalizarea procesului de informare\/solu\u0163ionare a cererii dumneavoastr\u0103. \u00cen orice caz, aceste date nu vor fi stocate pe o perioad\u0103 mai mare de \u2026\u2026 zile\/luni.<\/p>\n\n\n\n<p>Totodat\u0103, societatea noastr\u0103 va distruge datele cu caracter personal atunci c\u00e2nd acestea nu vor mai corespunde scopului prelucr\u0103rii, oferind garan\u021bii suficiente cu privire la securitatea acestui proces.<\/p>\n\n\n\n<p>F. Drepturile dumneavostr\u0103 \u00een leg\u0103tur\u0103 cu prelucrarea datelor cu caracter personal<br>\u00cen conformitate cu dispozi\u0163iile cuprinse \u00een Regulamentul General privind protec\u021bia datelor nr. 679\/2016, ave\u0163i urm\u0103toarele drepturi:<br>a. Dreptul la informare \u2013 dreptul de a fi informat cu privire la identitatea operatorului \u2013 SCANDIA FOOD SRL, scopul \u00een care se face prelucrarea datelor, destinatarii sau categoriile de destinatari ai datelor, existen\u0163a drepturilor prev\u0103zute de GDPR \u015fi condi\u0163iile \u00een care pot fi exercitate drepturile.<br>b. Dreptul de acces- dreptul de a ob\u021bine de la noi, la cerere \u0219i \u00een mod gratuit, confirmarea faptului c\u0103 datele care v\u0103 privesc sunt sau nu sunt prelucrate \u0219i dreptul de acces la aceste date, cu excep\u021bia situa\u021biei \u00een care aceste cereri sunt repetitive sau f\u0103cute cu v\u0103dit\u0103 rea-credin\u021b\u0103;<br>c. Dreptul la rectificare \u2013 pute\u0163i solicita rectificarea datelor personale inexacte.<br>d. Dreptul la \u015ftergerea datelor (\u201edreptul de a fi uitat\u201d) \u2013 \u0219tergerea datelor poate avea loc atunci c\u00e2nd prelucrarea nu a fost legal\u0103 sau \u00een alte cazuri prev\u0103zute de lege (spre exemplu atunci c\u00e2nd datele nu mai sunt necesare \u00een raport cu scopul pentru care au fost procesate). Cu toate acestea, \u0219tergerea datelor nu poate avea loc atunci c\u00e2nd procesarea are loc \u00een baza legii;<br>e. Dreptul la restric\u021bionarea prelucr\u0103rii \u2013 se poate solicita restric\u021bionarea prelucr\u0103rii \u00een cazul \u00een care contesta\u021bi exactitatea datelor, precum \u0219i \u00een alte cazuri prev\u0103zute de lege;<br>f. Dreptul la opozi\u021bie \u2013 dreptul s\u0103 v\u0103 opune\u0163i \u00een orice moment, din motive \u00eentemeiate \u015fi legitime, ca datele dvs. s\u0103 fac\u0103 obiectul unei prelucr\u0103ri, cu exceptia cazurilor \u00een care exist\u0103 dispozi\u0163ii legale contrare sau c\u00e2nd prelucrarea are ca temei interesul nostru legitim;<br>g. Dreptul la portabilitatea datelor \u2013 pute\u021bi primi datele personale pe care ni le-a\u021bi furnizat, \u00eentr-un format care poate fi citit automat sau pute\u021bi solicita ca respectivele date s\u0103 fie transmise altui operator.<br>h. Dreptul de a depune pl\u00e2ngere \u2013 pute\u021bi depune pl\u00e2ngere fa\u021b\u0103 de modalitatea de prelucrare a datelor dvs. personale la Autoritatea National\u0103 de Supraveghere a Prelucr\u0103rii Datelor cu Caracter Personal sau v\u0103 pute\u021bi adresa instan\u021belor de judecat\u0103.<br>i. Dreptul de retragere a consim\u021b\u0103m\u00e2ntului \u2013 dac\u0103 temeiul pentru prelucrarea datelor \u00eel constituie consim\u021b\u00eem\u00e2ntul, v\u0103 inform\u0103m c\u0103 acest consim\u021b\u0103m\u00e2nt poate fi retras \u00een orice moment. Retragerea consim\u021b\u0103m\u00e2n\u021bului va produce efecte doar pentru viitor, prelucrarea efectuat\u0103 anterior retragerii fiind valabil\u0103. Cu toate acestea, dac\u0103 prelucrarea este obligatorie pentru furnizarea serviciilor \u0219i aceasta poate fi efectuat\u0103 \u00een baza altor dispozi\u0163ii juridice, SCANDIA FOOD SRL va proceda la o astfel de procesare \u0219i va notifica persoanele vizate.<br>j. Dreptul de a nu fi supus unor decizii automate sau profilare suplimentare aferente deciziilor automate \u2013 dreptul de a cere \u015fi de a ob\u0163ine retragerea, anularea sau reevaluarea oric\u0103rei decizii care produce efecte juridice, adoptat\u0103 exclusiv pe baza unei prelucr\u0103ri de date cu caracter personal, efectuat\u0103 prin mijloace automate, destinat\u0103 s\u0103 evalueze unele aspecte ale personalit\u0103\u0163ii, precum competen\u021ba profesional\u0103, credibilitatea, comportamentul ori alte asemenea aspecte, atunci c\u00e2nd este cazul;<\/p>\n\n\n\n<p>Dac\u0103 dori\u021bi s\u0103 v\u0103 exercita\u021bi drepturile men\u021bionate mai sus, v\u0103 rug\u0103m s\u0103 ne contacta\u021bi, printr-o cerere scris\u0103, datat\u0103 \u0219i semnat\u0103, adresat\u0103 sediului social situat \u00een Sibiu, str. Podului, nr. 133, Sibiu; sau printr-un e-mail la adresa office@scandia.ro dac\u0103 e-mailul cuprinde o semn\u0103tur\u0103 electronic\u0103 certificat\u0103.<\/p>\n\n\n\n<p>\u00cen m\u0103sura \u00een care v\u0103 ve\u0163i exercita drepturile de care dispune\u0163i, este posibil ca SCANDIA FOOD S.R.L. s\u0103 v\u0103 solicite s\u0103 v\u0103 dovedi\u0163i identitatea, prin comunicarea unui document de identitate sau orice alte informa\u0163ii necesare \u00een vederea efectu\u0103rii unei proceduri prealabile de verificare a persoanei solictante, \u00een conformitate cu obliga\u0163iile legale de securitate \u015fi confiden\u0163ialitate a datelor ce ne revin.<\/p>\n\n\n\n<p>SCANDIA FOOD SRL, se oblig\u0103 s\u0103 ia \u00een considerare orice solicitare sau pl\u00e2ngere primit\u0103 \u015fi s\u0103 r\u0103spund\u0103 \u00eentr-un termen rezonabil, astfel \u00eenc\u00e2t s\u0103 fie respectate dispozi\u0163iile legale \u00een materie. Lucr\u0103m cu autorit\u0103\u021bile de reglementare competente, inclusiv autorit\u0103\u021bile na\u021bionale de protec\u021bie a datelor, \u00een vederea solu\u021bion\u0103rii oric\u0103ror reclama\u021bii privind transferul datelor personale, pe care nu le putem rezolva direct cu utilizatorii no\u0219tri.<\/p>\n\n\n\n<p>Totodat\u0103, \u00een cele ce urmeaz\u0103 v\u0103 prezent\u0103m termenele de r\u0103spuns la solicit\u0103ri privind drepturile men\u021bionate:<\/p>\n\n\n\n<p>Solicitarea persoanei vizate Termen pentru r\u0103spuns<br>Dreptul de a fi informat 1. La momentul la care datele sunt colectate<br>2. Cel mai t\u00e2rziu \u00een termen de o lun\u0103 \u2013 \u00een situa\u021bia \u00een care datele cu caracter personal nu sunt furnizate de persoana vizat\u0103<br>Dreptul de acces O lun\u0103<br>Dreptul la rectificare O lun\u0103<br>Dreptul de \u0219tergere F\u0103r\u0103 \u00eent\u00e2rzieri nejustificate<br>Dreptul de a restric\u021biona procesarea F\u0103r\u0103 \u00eent\u00e2rzieri nejustificate<br>Dreptul la portabilitate O lun\u0103<br>Dreptul de obiectie La momentul primirii obiec\u021biei<br>Dreptul de a nu fi supus unor decizii automate sau profilare suplimentare aferente deciziilor automate Nespecificat \u2013 nu are aptitudinea de a fi limitat \u00een raport de specificul activit\u0103\u021bii<\/p>\n\n\n\n<p>G. Securitatea datelor cu caracter personal<br>Urm\u0103m standardele cele mai \u00eenalte pentru a proteja datele prelucrate, at\u00e2t \u00een timpul transmiterii c\u0103tre noi, c\u00e2t \u0219i ulterior acestui moment.<br>\u00cen acest scop am adoptat politici \u0219i proceduri de securitate tehnic\u0103 \u00een vederea protej\u0103rii datelor cu caracter personal \u00eempotriva pierderii, folosirii neautorizate, distrugerii, alter\u0103rii acestora modific\u0103rilor neautorizate, a dezv\u0103luirii sau accesului neautorizat \u0219i a oric\u0103rei alte forme de prelucrare ilegal\u0103 a datelor personale aflate \u00een posesia noastr\u0103.<\/p>\n\n\n\n<p>\u00cen vederea garant\u0103rii securit\u0103\u021bii men\u021bion\u0103m, cu titlu general, modalit\u0103\u021bile de securizare:<\/p>\n\n\n\n<p>1. Accesul la datele cu caracter personal este limitat \u0219i autorizat doar persoanelor care au dreptul legal de a le folosi, acestora revenindu-le obliga\u021bia de a asigura confiden\u021bialitatea datelor.<\/p>\n\n\n\n<p>2. Accesul la serverele electronice folosite de societatea noastr\u0103, se face prin parol\u0103 \u0219i alte controale de acces \u0219i de autentificare.<\/p>\n\n\n\n<p>3. Datele \u021binute pentru un client vor fi \u021binute separat de datele altui client<\/p>\n\n\n\n<p>4. Niciun angajat sau persoan\u0103 care intr\u0103 \u00een contact cu date personale sau documente care cuprind aceste date nu are posibilitatea de a divulga aceste date ter\u021bilor.<\/p>\n\n\n\n<p>5. Angaja\u0163ii societ\u0103\u0163ii noastre sunt obliga\u0163i s\u0103 aplice m\u0103suri minime de securitate, const\u00e2nd \u00een: utilizarea unei parole cu nivel ridicat de protec\u021bie (format\u0103 din cifre, litere si simboluri); interzicerea divulg\u0103rii parolei c\u0103tre alte persoane respectiv interdic\u021bia de a utiliza contul folosit \u00een interes de serviciu de mai multe persoane; interzicerea salv\u0103rii parolei at\u00e2t \u00een format fizic c\u00e2t \u0219i\/sau \u00een format electronic; interzicerea accesului \u00een zonele pentru care nu exist\u0103 autoriza\u021bie; verificarea securiz\u0103rii datelor stocate electronic prin nel\u0103sarea computerului nesupravegheat, folosirea unei parole \u00een acord cu aceast\u0103 Politic\u0103, precum si informarea departamentului IT cu privire la orice modificarea rolului \u0219i a cerin\u021belor de acces<br>Nerespectarea acestor cerin\u021be de c\u0103tre oricare dintre angaja\u0163i, poate determina societatea s\u0103 ia m\u0103suri disciplinare \u00eempotriva persoanelor culpabile.<\/p>\n\n\n\n<p>6. Pe l\u00e2ng\u0103 aceste m\u0103suri, angaja\u0163ii din cadrul departamentului nostru IT, vor mai trebui \u00een mod suplimentar s\u0103 respecte si urm\u0103toarele m\u0103suri de securitate: fiecare persoan\u0103 va avea un user \u0219i o parol\u0103 distinct\u0103 prin care se va loga (aceste date trebuie s\u0103 fie distincte pentru fiecare opera\u021biune: ex. Parola pentru pornirea computerului trebuie s\u0103 fie diferit\u0103 de cea cerut\u0103 la accesarea bazei de date); parolele se vor schimba o dat\u0103 la 3 luni; obliga\u0163ia de transmitere a datelor la care au acces \u00een caz de notificare din partea autorit\u0103\u021bilor; obliga\u0163ia de instalare a unui sistem care s\u0103 identifice acces\u0103rile nelegale \u00een cadrul re\u0163elei; protocolul de re\u0163ea ce se va utiliza va fi TCP \/ IP; obliga\u0163ia de protec\u0163ie \u00eempotriva malware, cum ar fi: Virus, Cal Troian, Rootkit, Backdoor \u0219i oricare altele asemenea, spre exemplu prin instalarea de firewall, antivirusi, instituirea protec\u021biei \u00eempotriva spam-ului; obliga\u0163ia de securizare a re\u0163elelor wireless folosind criptarea;<\/p>\n\n\n\n<p>Cu toate acestea, nicio metod\u0103 de transmitere sau de stocare electronic\u0103 sau fizic\u0103 nu este 100% sigur\u0103.<br>\u00cen cazul \u00een care considera\u021bi c\u0103 datele dvs. personale au fost compromise, contacta\u021bi-ne \u00een scris la adresa sediului nostru social situat\u0103 \u00een Mun. Sibiu, str. Podului nr. 133, Jud. Sibiu; sau printr-un email la adresa: office@scandia.ro<\/p>\n\n\n\n<p>Dac\u0103 afl\u0103m despre o \u00eenc\u0103lcare a sistemului de securitate, v\u0103 vom informa at\u00e2t pe dvs. c\u00e2t \u0219i autorit\u0103\u021bile despre apari\u021bia \u00eenc\u0103lc\u0103rii \u00een conformitate cu legisla\u021bia \u00een vigoare, \u00een termen de cel mult 72 ore, termen \u00een care v\u0103 comunic\u0103m informa\u021biile relevante legate de incidentele de securitate.<\/p>\n\n\n\n<p>H. Bre\u0219ele de securitate<br>\u00centruc\u00e2t politica societ\u0103\u021bii noastre este de a fi echitabili \u0219i de a respecta principiul propor\u021bionalit\u0103\u021bii atunci c\u00e2nd avem \u00een vedere ac\u021biunile pe care trebuie s\u0103 le \u00eentreprindem pentru a informa persoanele afectate de incidentul de securitate care este probabil s\u0103 rezulte \u00eentr-un risc cu privire la drepturile \u0219i libert\u0103\u021bile persoanelor, \u00een caz de bre\u0219\u0103 vom notifica at\u00e2t Autoritatea de supraveghere, c\u00e2t \u0219i persoana sau persoanele vizate despre aceast\u0103 \u00eenc\u0103lcare.<\/p>\n\n\n\n<p>I. C\u00e2nd se aplic\u0103 aceast\u0103 Politic\u0103 de confiden\u021bialitate<br>Politica noastr\u0103 de confiden\u021bialitate se aplic\u0103 tuturor serviciilor oferite de societatea noastr\u0103.<\/p>\n\n\n\n<p>J. Schimb\u0103ri<br>Politica noastr\u0103 de confiden\u021bialitate se poate schimba din c\u00e2nd \u00een c\u00e2nd, \u00eens\u0103 ne oblig\u0103m s\u0103 nu v\u0103 reducem drepturile pe care le ave\u021bi \u00een temeiul acestor modific\u0103ri f\u0103r\u0103 consim\u021b\u0103m\u00e2ntul dvs. explicit.<\/p>\n\n\n\n<p>Vom publica orice modificare a politicii de confiden\u021bialitate \u00een locuri vizibile pentru a fi u\u0219or de identificat actualiz\u0103rile \u0219i pentru a putea lua cuno\u0219tin\u021b\u0103 de cuprinsul s\u0103u. Vom p\u0103stra, de asemenea, versiuni anterioare ale acestei Politici de confiden\u021bialitate \u00een arhiva electronic\u0103 pentru a putea fi oric\u00e2nd revizuite de dvs. printr-o simpl\u0103 cerere.<\/p>\n\n\n\n<p>Prezenta politic\u0103 de confiden\u0163ialitate intr\u0103 \u00een vigoare la data de 22.10.2018.<\/p>","protected":false},"excerpt":{"rendered":"<p>Cuprins: 1. Introducere1.1 Operatorul de date cu caracter personal \u00een rela\u0163ia cu dumneavoastr\u01031.2 Cui i se aplic\u0103 aceast\u0103 Politic\u0103 de&#8230;<\/p>","protected":false},"author":7,"featured_media":0,"parent":0,"menu_order":0,"comment_status":"closed","ping_status":"closed","template":"","meta":{"footnotes":""},"class_list":["post-85","page","type-page","status-publish"],"_links":{"self":[{"href":"https:\/\/scandia.ro\/en\/wp-json\/wp\/v2\/pages\/85","targetHints":{"allow":["GET"]}}],"collection":[{"href":"https:\/\/scandia.ro\/en\/wp-json\/wp\/v2\/pages"}],"about":[{"href":"https:\/\/scandia.ro\/en\/wp-json\/wp\/v2\/types\/page"}],"author":[{"embeddable":true,"href":"https:\/\/scandia.ro\/en\/wp-json\/wp\/v2\/users\/7"}],"replies":[{"embeddable":true,"href":"https:\/\/scandia.ro\/en\/wp-json\/wp\/v2\/comments?post=85"}],"version-history":[{"count":0,"href":"https:\/\/scandia.ro\/en\/wp-json\/wp\/v2\/pages\/85\/revisions"}],"wp:attachment":[{"href":"https:\/\/scandia.ro\/en\/wp-json\/wp\/v2\/media?parent=85"}],"curies":[{"name":"wp","href":"https:\/\/api.w.org\/{rel}","templated":true}]}}