{"id":73,"date":"2021-12-20T01:14:17","date_gmt":"2021-12-19T23:14:17","guid":{"rendered":"https:\/\/scandia.ro\/?page_id=73"},"modified":"2022-02-04T02:38:09","modified_gmt":"2022-02-04T00:38:09","slug":"familia-scandia-food","status":"publish","type":"page","link":"https:\/\/scandia.ro\/en\/familia-scandia-food\/","title":{"rendered":"Familia Scandia Food"},"content":{"rendered":"<div class=\"wpb-content-wrapper\"><div id=\"vc_row-69e469bc9b745\" class=\"vc_row wpb_row vc_row-fluid thegem-custom-69e469bc9b6fb5576\"><div class=\"wpb_column vc_column_container vc_col-sm-12 thegem-custom-69e469bc9bb0b7381\" ><div class=\"vc_column-inner thegem-custom-inner-69e469bc9bb0e\"><div class=\"wpb_wrapper thegem-custom-69e469bc9bb0b7381\">\r\n\t\r\n\t\t<div class=\"wpb_text_column wpb_content_element  thegem-vc-text thegem-custom-69e469bc9be46787\"  >\r\n\t\t\t<div class=\"wpb_wrapper\">\r\n\t\t\t\t<h1>CULTURA ORGANIZA\u021aIONAL\u0102<\/h1>\n\r\n\t\t\t<\/div>\r\n\t\t\t<style>@media screen and (max-width: 1023px) {.thegem-vc-text.thegem-custom-69e469bc9be46787{display: block!important;}}@media screen and (max-width: 767px) {.thegem-vc-text.thegem-custom-69e469bc9be46787{display: block!important;}}@media screen and (max-width: 1023px) {.thegem-vc-text.thegem-custom-69e469bc9be46787{position: relative !important;}}@media screen and (max-width: 767px) {.thegem-vc-text.thegem-custom-69e469bc9be46787{position: relative !important;}}<\/style>\r\n\t\t<\/div>\r\n\t\r\n<\/div><\/div><\/div><\/div><div id=\"vc_row-69e469bc9c2fd\" class=\"vc_row wpb_row vc_row-fluid thegem-custom-69e469bc9c2f27366\"><div class=\"wpb_column vc_column_container vc_col-sm-6 thegem-custom-69e469bc9c6862589\" ><div class=\"vc_column-inner thegem-custom-inner-69e469bc9c688\"><div class=\"wpb_wrapper thegem-custom-69e469bc9c6862589\">\r\n\t\r\n\t\t<div class=\"wpb_text_column wpb_content_element  thegem-vc-text thegem-custom-69e469bc9c80e2656\"  >\r\n\t\t\t<div class=\"wpb_wrapper\">\r\n\t\t\t\t<p>Succesul pe termen lung, de aproape un secol, recunoa\u015fterea na\u0163ional\u0103 a unui brand puternic \u015fi pozi\u0163ia suprem\u0103 de\u0163inut\u0103 pe pia\u0163a conservelor de carne sunt performan\u0163ele \u015fi construc\u0163ia \u201cingredientului nostru secret\u201d.<\/p>\n<p>Echipa Scandia Food a avut de-a lungul timpului ambi\u0163ia \u015fi capabilitatea de a asigura companiei o cre\u015ftere continu\u0103.<\/p>\n<p>Intreaga echipa reprezint\u0103 for\u0163a companiei noastre, care a f\u0103cut diferen\u0163a pe termen lung, \u00eentr-un mediu concuren\u0163ial complex, \u00een ob\u0163inerea performan\u0163elor \u00een business.<\/p>\n<p>Avem o echip\u0103 profesionist\u0103, de manageri, exper\u0163i \u015fi speciali\u015fti, \u00een plin\u0103 transformare, care aspir\u0103 la performan\u0163e \u00eenalte, care \u00ee\u015fi cunoa\u015fte rolul \u015fi impactul \u00een business \u015fi ale c\u0103rei comportamente sunt orientate de un num\u0103r de competen\u0163e valoroase: orientare c\u0103tre client, lucrul \u00een echip\u0103, sim\u021b de r\u0103spundere, atitudine pozitiv\u0103, dezvoltare continu\u0103, comunicare \u0219i rela\u021bionare, orientare c\u0103tre ac\u021biune, creativitate, inova\u021bie, project management, leadership, strategie.<\/p>\n\r\n\t\t\t<\/div>\r\n\t\t\t<style>@media screen and (max-width: 1023px) {.thegem-vc-text.thegem-custom-69e469bc9c80e2656{display: block!important;}}@media screen and (max-width: 767px) {.thegem-vc-text.thegem-custom-69e469bc9c80e2656{display: block!important;}}@media screen and (max-width: 1023px) {.thegem-vc-text.thegem-custom-69e469bc9c80e2656{position: relative !important;}}@media screen and (max-width: 767px) {.thegem-vc-text.thegem-custom-69e469bc9c80e2656{position: relative !important;}}<\/style>\r\n\t\t<\/div>\r\n\t\r\n<\/div><\/div><\/div><div class=\"wpb_column vc_column_container vc_col-sm-6 thegem-custom-69e469bc9cb491104\" ><div class=\"vc_column-inner thegem-custom-inner-69e469bc9cb4c\"><div class=\"wpb_wrapper thegem-custom-69e469bc9cb491104\">\r\n\t\r\n\t<div  class=\"wpb_single_image wpb_content_element vc_align_left\" >\r\n\t\t\r\n\t\t<figure class=\"wpb_wrapper vc_figure\">\r\n\t\t\t<div class=\"vc_single_image-wrapper   vc_box_border_grey\"><img width=\"800\" height=\"534\" src=\"https:\/\/scandia.ro\/wp-content\/uploads\/2022\/02\/dreamstime_s_92304226.jpg\" class=\"vc_single_image-img attachment-full\" alt=\"Dreamstime S 92304226\" title=\"Dreamstime S 92304226\" srcset=\"https:\/\/scandia.ro\/wp-content\/uploads\/2022\/02\/dreamstime_s_92304226.jpg 800w, https:\/\/scandia.ro\/wp-content\/uploads\/2022\/02\/dreamstime_s_92304226-300x200.jpg 300w, https:\/\/scandia.ro\/wp-content\/uploads\/2022\/02\/dreamstime_s_92304226-768x513.jpg 768w\" sizes=\"(max-width: 800px) 100vw, 800px\" \/><\/div>\r\n\t\t<\/figure>\r\n\t<\/div>\r\n\t\r\n<\/div><\/div><\/div><\/div><div id=\"vc_row-69e469bc9d7c7\" class=\"vc_row wpb_row vc_row-fluid thegem-custom-69e469bc9d7bb5131\"><div class=\"wpb_column vc_column_container vc_col-sm-12 thegem-custom-69e469bc9db0e8833\" ><div class=\"vc_column-inner thegem-custom-inner-69e469bc9db10\"><div class=\"wpb_wrapper thegem-custom-69e469bc9db0e8833\"><div class=\"vc_separator wpb_content_element vc_separator_align_center vc_sep_width_100 vc_sep_border_width_4 vc_sep_pos_align_center vc_separator_no_text vc_sep_color_juicy_pink  wpb_content_element\"><span class=\"vc_sep_holder vc_sep_holder_l\"><span  class=\"vc_sep_line\"><\/span><\/span><span class=\"vc_sep_holder vc_sep_holder_r\"><span  class=\"vc_sep_line\"><\/span><\/span>\r\n<\/div><\/div><\/div><\/div><\/div><div id=\"vc_row-69e469bc9e26c\" class=\"vc_row wpb_row vc_row-fluid thegem-custom-69e469bc9e25f9669\"><div class=\"wpb_column vc_column_container vc_col-sm-12 thegem-custom-69e469bc9e58e1280\" ><div class=\"vc_column-inner thegem-custom-inner-69e469bc9e591\"><div class=\"wpb_wrapper thegem-custom-69e469bc9e58e1280\">\r\n\t\r\n\t\t<div class=\"wpb_text_column wpb_content_element  thegem-vc-text thegem-custom-69e469bc9e7094539\"  >\r\n\t\t\t<div class=\"wpb_wrapper\">\r\n\t\t\t\t<h1>valorile scandia food<\/h1>\n\r\n\t\t\t<\/div>\r\n\t\t\t<style>@media screen and (max-width: 1023px) {.thegem-vc-text.thegem-custom-69e469bc9e7094539{display: block!important;}}@media screen and (max-width: 767px) {.thegem-vc-text.thegem-custom-69e469bc9e7094539{display: block!important;}}@media screen and (max-width: 1023px) {.thegem-vc-text.thegem-custom-69e469bc9e7094539{position: relative !important;}}@media screen and (max-width: 767px) {.thegem-vc-text.thegem-custom-69e469bc9e7094539{position: relative !important;}}<\/style>\r\n\t\t<\/div>\r\n\t\r\n\r\n\t\r\n\t\t<div class=\"wpb_text_column wpb_content_element  thegem-vc-text thegem-custom-69e469bc9e84a6964\"  >\r\n\t\t\t<div class=\"wpb_wrapper\">\r\n\t\t\t\t<p>Echipa noastr\u0103 are definite valori, unele dintre acestea au originea \u00een trecut, \u00een tradi\u021bie, iar acum sunt \u00eembog\u0103\u021bite de valori moderne care sus\u021bin viziunea \u0219i misiunea companiei.<\/p>\n\r\n\t\t\t<\/div>\r\n\t\t\t<style>@media screen and (max-width: 1023px) {.thegem-vc-text.thegem-custom-69e469bc9e84a6964{display: block!important;}}@media screen and (max-width: 767px) {.thegem-vc-text.thegem-custom-69e469bc9e84a6964{display: block!important;}}@media screen and (max-width: 1023px) {.thegem-vc-text.thegem-custom-69e469bc9e84a6964{position: relative !important;}}@media screen and (max-width: 767px) {.thegem-vc-text.thegem-custom-69e469bc9e84a6964{position: relative !important;}}<\/style>\r\n\t\t<\/div>\r\n\t\r\n<\/div><\/div><\/div><\/div><div id=\"vc_row-69e469bc9ecc1\" class=\"vc_row wpb_row vc_row-fluid thegem-custom-69e469bc9ecb67313 vc_column-gap-10\"><div class=\"wpb_column vc_column_container vc_col-sm-3 thegem-custom-69e469bc9f04b5631\" ><div class=\"vc_column-inner thegem-custom-inner-69e469bc9f04d\"><div class=\"wpb_wrapper thegem-custom-69e469bc9f04b5631\"><div\n\tclass=\"vc_icon_element vc_icon_element-outer vc_icon_element-align-center\" >\n\t<div class=\"vc_icon_element-inner vc_icon_element-color-juicy_pink vc_icon_element-size-xl vc_icon_element-style- vc_icon_element-background-color-grey\">\n\t\t<span class=\"vc_icon_element-icon fas fa-trophy\" ><\/span><\/div>\n<\/div>\n<\/div><\/div><\/div><div class=\"wpb_column vc_column_container vc_col-sm-3 thegem-custom-69e469bc9f5e33864\" ><div class=\"vc_column-inner thegem-custom-inner-69e469bc9f5e6\"><div class=\"wpb_wrapper thegem-custom-69e469bc9f5e33864\"><div\n\tclass=\"vc_icon_element vc_icon_element-outer vc_icon_element-align-center\" >\n\t<div class=\"vc_icon_element-inner vc_icon_element-color-juicy_pink vc_icon_element-size-xl vc_icon_element-style- vc_icon_element-background-color-grey\">\n\t\t<span class=\"vc_icon_element-icon far fa-grin-stars\" ><\/span><\/div>\n<\/div>\n<\/div><\/div><\/div><div class=\"wpb_column vc_column_container vc_col-sm-3 thegem-custom-69e469bc9fa352598\" ><div class=\"vc_column-inner thegem-custom-inner-69e469bc9fa38\"><div class=\"wpb_wrapper thegem-custom-69e469bc9fa352598\"><div\n\tclass=\"vc_icon_element vc_icon_element-outer vc_icon_element-align-center\" >\n\t<div class=\"vc_icon_element-inner vc_icon_element-color-juicy_pink vc_icon_element-size-xl vc_icon_element-style- vc_icon_element-background-color-grey\">\n\t\t<span class=\"vc_icon_element-icon fas fa-user\" ><\/span><\/div>\n<\/div>\n<\/div><\/div><\/div><div class=\"wpb_column vc_column_container vc_col-sm-3 thegem-custom-69e469bc9feab7331\" ><div class=\"vc_column-inner thegem-custom-inner-69e469bc9feae\"><div class=\"wpb_wrapper thegem-custom-69e469bc9feab7331\"><div\n\tclass=\"vc_icon_element vc_icon_element-outer vc_icon_element-align-center\" >\n\t<div class=\"vc_icon_element-inner vc_icon_element-color-juicy_pink vc_icon_element-size-xl vc_icon_element-style- vc_icon_element-background-color-grey\">\n\t\t<span class=\"vc_icon_element-icon fas fa-location-arrow\" ><\/span><\/div>\n<\/div>\n<\/div><\/div><\/div><\/div><div id=\"vc_row-69e469bca048f\" class=\"vc_row wpb_row vc_row-fluid thegem-custom-69e469bca046d5816\"><div class=\"wpb_column vc_column_container vc_col-sm-3 thegem-custom-69e469bca078b551\" ><div class=\"vc_column-inner thegem-custom-inner-69e469bca078d\"><div class=\"wpb_wrapper thegem-custom-69e469bca078b551\">\r\n\t\r\n\t\t<div class=\"wpb_text_column wpb_content_element  thegem-vc-text thegem-custom-69e469bca09072059\"  >\r\n\t\t\t<div class=\"wpb_wrapper\">\r\n\t\t\t\t<h2 style=\"text-align: center;\">EXPERIEN\u021a\u0102 \/ COMPETEN\u021a\u0102<\/h2>\n<p>Membrii echipei Scandia Food sunt motiva\u0163i de a \u00eenv\u0103\u0163a \u015fi a se dezvolta pe tot parcursul carierei profesionale. Au capacitatea de a-\u015fi cunoa\u015fte punctele tari \u015fi punctele slabe \u0219i de a c\u0103uta s\u0103 \u00eembun\u0103t\u0103\u0163easc\u0103 \u00een mod continuu aspectele identificate, de a-\u015fi dezvolta permanent echipa din subordine \u015fi de a crea o cultura organiza\u0163ional\u0103 orientat\u0103 spre excelenta, prin dezvoltare \u015fi \u00eenv\u0103\u0163are.<\/p>\n\r\n\t\t\t<\/div>\r\n\t\t\t<style>@media screen and (max-width: 1023px) {.thegem-vc-text.thegem-custom-69e469bca09072059{display: block!important;}}@media screen and (max-width: 767px) {.thegem-vc-text.thegem-custom-69e469bca09072059{display: block!important;}}@media screen and (max-width: 1023px) {.thegem-vc-text.thegem-custom-69e469bca09072059{position: relative !important;}}@media screen and (max-width: 767px) {.thegem-vc-text.thegem-custom-69e469bca09072059{position: relative !important;}}<\/style>\r\n\t\t<\/div>\r\n\t\r\n<\/div><\/div><\/div><div class=\"wpb_column vc_column_container vc_col-sm-3 thegem-custom-69e469bca0be26743\" ><div class=\"vc_column-inner thegem-custom-inner-69e469bca0be4\"><div class=\"wpb_wrapper thegem-custom-69e469bca0be26743\">\r\n\t\r\n\t\t<div class=\"wpb_text_column wpb_content_element  thegem-vc-text thegem-custom-69e469bca0d587452\"  >\r\n\t\t\t<div class=\"wpb_wrapper\">\r\n\t\t\t\t<h2 style=\"text-align: center;\">m\u00e2ndrie \/ pasiune<\/h2>\n<p>Angaja\u0163ii no\u015ftri muncesc cu pasiune \u015fi sunt m\u00e2ndri c\u0103 fac parte din echipa Scandia Food \u015fi contribuie direct la cre\u015fterea \u015fi performan\u0163a companiei.<\/p>\n\r\n\t\t\t<\/div>\r\n\t\t\t<style>@media screen and (max-width: 1023px) {.thegem-vc-text.thegem-custom-69e469bca0d587452{display: block!important;}}@media screen and (max-width: 767px) {.thegem-vc-text.thegem-custom-69e469bca0d587452{display: block!important;}}@media screen and (max-width: 1023px) {.thegem-vc-text.thegem-custom-69e469bca0d587452{position: relative !important;}}@media screen and (max-width: 767px) {.thegem-vc-text.thegem-custom-69e469bca0d587452{position: relative !important;}}<\/style>\r\n\t\t<\/div>\r\n\t\r\n<\/div><\/div><\/div><div class=\"wpb_column vc_column_container vc_col-sm-3 thegem-custom-69e469bca107e4883\" ><div class=\"vc_column-inner thegem-custom-inner-69e469bca1081\"><div class=\"wpb_wrapper thegem-custom-69e469bca107e4883\">\r\n\t\r\n\t\t<div class=\"wpb_text_column wpb_content_element  thegem-vc-text thegem-custom-69e469bca11d15135\"  >\r\n\t\t\t<div class=\"wpb_wrapper\">\r\n\t\t\t\t<h2 style=\"text-align: center;\">grij\u0103<\/h2>\n<p>&nbsp;<\/p>\n<p>Echipa noastr\u0103 este con\u015ftient\u0103 de responsabilitatea sa social\u0103, prin grija pe care o are de a oferi zi de zi semenilor s\u0103i produse inovatoare \u015fi hr\u0103nitoare, prin promovarea unui stil de via\u0163\u0103 echilibrat, prin dezvoltarea programelor educa\u0163ionale \u015fi activit\u0103\u0163ilor de protec\u0163ie a mediului, pentru \u00eembun\u0103t\u0103\u0163irea vie\u0163ii consumatorilor.<\/p>\n\r\n\t\t\t<\/div>\r\n\t\t\t<style>@media screen and (max-width: 1023px) {.thegem-vc-text.thegem-custom-69e469bca11d15135{display: block!important;}}@media screen and (max-width: 767px) {.thegem-vc-text.thegem-custom-69e469bca11d15135{display: block!important;}}@media screen and (max-width: 1023px) {.thegem-vc-text.thegem-custom-69e469bca11d15135{position: relative !important;}}@media screen and (max-width: 767px) {.thegem-vc-text.thegem-custom-69e469bca11d15135{position: relative !important;}}<\/style>\r\n\t\t<\/div>\r\n\t\r\n<\/div><\/div><\/div><div class=\"wpb_column vc_column_container vc_col-sm-3 thegem-custom-69e469bca14ac8934\" ><div class=\"vc_column-inner thegem-custom-inner-69e469bca14ae\"><div class=\"wpb_wrapper thegem-custom-69e469bca14ac8934\">\r\n\t\r\n\t\t<div class=\"wpb_text_column wpb_content_element  thegem-vc-text thegem-custom-69e469bca16145372\"  >\r\n\t\t\t<div class=\"wpb_wrapper\">\r\n\t\t\t\t<h2 style=\"text-align: center;\">inova\u021bie<\/h2>\n<p>&nbsp;<\/p>\n<p>Schimb\u0103rile care apar \u00een preferin\u0163ele consumatorilor determin\u0103 echipa s\u0103 aibe o deschidere permanent\u0103 c\u0103tre progres, capacitatea de a propune, genera \u0219i implementa idei noi \u0219i creative pentru a atinge obiectivele strategice ale organiza\u021biei, p\u0103str\u00e2nd \u00een acela\u015fi timp fondul tradi\u021bional al companiei.&#8221;<\/p>\n\r\n\t\t\t<\/div>\r\n\t\t\t<style>@media screen and (max-width: 1023px) {.thegem-vc-text.thegem-custom-69e469bca16145372{display: block!important;}}@media screen and (max-width: 767px) {.thegem-vc-text.thegem-custom-69e469bca16145372{display: block!important;}}@media screen and (max-width: 1023px) {.thegem-vc-text.thegem-custom-69e469bca16145372{position: relative !important;}}@media screen and (max-width: 767px) {.thegem-vc-text.thegem-custom-69e469bca16145372{position: relative !important;}}<\/style>\r\n\t\t<\/div>\r\n\t\r\n<\/div><\/div><\/div><\/div><div id=\"vc_row-69e469bca19d5\" class=\"vc_row wpb_row vc_row-fluid thegem-custom-69e469bca19ca5147\"><div class=\"wpb_column vc_column_container vc_col-sm-12 thegem-custom-69e469bca1da18842\" ><div class=\"vc_column-inner thegem-custom-inner-69e469bca1da4\"><div class=\"wpb_wrapper thegem-custom-69e469bca1da18842\"><\/div><\/div><\/div><\/div>\n<\/div>","protected":false},"excerpt":{"rendered":"","protected":false},"author":7,"featured_media":0,"parent":0,"menu_order":0,"comment_status":"closed","ping_status":"closed","template":"","meta":{"footnotes":""},"class_list":["post-73","page","type-page","status-publish"],"_links":{"self":[{"href":"https:\/\/scandia.ro\/en\/wp-json\/wp\/v2\/pages\/73","targetHints":{"allow":["GET"]}}],"collection":[{"href":"https:\/\/scandia.ro\/en\/wp-json\/wp\/v2\/pages"}],"about":[{"href":"https:\/\/scandia.ro\/en\/wp-json\/wp\/v2\/types\/page"}],"author":[{"embeddable":true,"href":"https:\/\/scandia.ro\/en\/wp-json\/wp\/v2\/users\/7"}],"replies":[{"embeddable":true,"href":"https:\/\/scandia.ro\/en\/wp-json\/wp\/v2\/comments?post=73"}],"version-history":[{"count":0,"href":"https:\/\/scandia.ro\/en\/wp-json\/wp\/v2\/pages\/73\/revisions"}],"wp:attachment":[{"href":"https:\/\/scandia.ro\/en\/wp-json\/wp\/v2\/media?parent=73"}],"curies":[{"name":"wp","href":"https:\/\/api.w.org\/{rel}","templated":true}]}}