{"id":62,"date":"2021-12-20T01:12:14","date_gmt":"2021-12-19T23:12:14","guid":{"rendered":"https:\/\/scandia.ro\/?page_id=62"},"modified":"2024-04-22T14:18:45","modified_gmt":"2024-04-22T11:18:45","slug":"despre-noi","status":"publish","type":"page","link":"https:\/\/scandia.ro\/en\/despre-noi\/","title":{"rendered":"About us"},"content":{"rendered":"<div class=\"wpb-content-wrapper\"><div id=\"vc_row-69d757751a653\" class=\"vc_row wpb_row vc_row-fluid thegem-custom-69d757751a5fb906\"><div class=\"wpb_column vc_column_container vc_col-sm-6 thegem-custom-69d757751aa085299\" ><div class=\"vc_column-inner thegem-custom-inner-69d757751aa21\"><div class=\"wpb_wrapper thegem-custom-69d757751aa085299\"><div class=\"vc_empty_space\"   style=\"height: 32px\"><span class=\"vc_empty_space_inner\"><\/span><\/div>\r\n\t\r\n\t\t<div class=\"wpb_text_column wpb_content_element  thegem-vc-text thegem-custom-69d757751afa65957\"  >\r\n\t\t\t<div class=\"wpb_wrapper\">\r\n\t\t\t\t<p>The story of Scandia Food begins almost 100 years ago, in Sibiu, a city in Transylvania well known for its culinary traditions. Since then, the company's name has been synonymous with high quality, trusted brands and solid expertise in food R&amp;D.<\/p>\n<p>Scandia Food is the Romanian market leader in canned meat, leading the category of canned spreads, with a market share of over 43% (source: AC Nielsen, AS 2018), also covering other segments such as vegetable spreads, canned meat and canned ready meals. In 2010 we expanded into two new business lines: quick service restaurants and cold cuts production.<\/p>\n<p>\u00cen anul 2014 odat\u0103 cu lansarea brandului N\u0103vodul Plin, compania a intrat \u0219i \u00een categoria conservelor de pe\u0219te, iar \u00een 2016 a intrat \u00een segmentul conservelor de legume \u0219i fructe prin lansarea brandului Roua. Anul 2016 este anul \u00een care a fost achizi\u021bionat\u0103 fabrica Rotina Product cu sediul \u00een Hunedoara iar \u00een anul 2018 compania face prima achizi\u021bie \u00een afara \u021b\u0103rii anun\u021b\u00e2nd achizi\u021bia Thenaisie Provote, o companie specializat\u0103 \u00een produc\u021bia \u0219i distribu\u021bia de produse din pe\u0219te \u0219i fructe de mare.<\/p>\n\r\n\t\t\t<\/div>\r\n\t\t\t<style>@media screen and (max-width: 1023px) {.thegem-vc-text.thegem-custom-69d757751afa65957{display: block!important;}}@media screen and (max-width: 767px) {.thegem-vc-text.thegem-custom-69d757751afa65957{display: block!important;}}@media screen and (max-width: 1023px) {.thegem-vc-text.thegem-custom-69d757751afa65957{position: relative !important;}}@media screen and (max-width: 767px) {.thegem-vc-text.thegem-custom-69d757751afa65957{position: relative !important;}}<\/style>\r\n\t\t<\/div>\r\n\t\r\n<\/div><\/div><\/div><div class=\"wpb_column vc_column_container vc_col-sm-6 thegem-custom-69d757751b2b25852\" ><div class=\"vc_column-inner thegem-custom-inner-69d757751b2b4\"><div class=\"wpb_wrapper thegem-custom-69d757751b2b25852\"><div class=\"vc_empty_space\"   style=\"height: 32px\"><span class=\"vc_empty_space_inner\"><\/span><\/div>\r\n\t\r\n\t<div  class=\"wpb_single_image wpb_content_element vc_align_left\" >\r\n\t\t\r\n\t\t<figure class=\"wpb_wrapper vc_figure\">\r\n\t\t\t<div class=\"vc_single_image-wrapper   vc_box_border_grey\"><img class=\"vc_single_image-img\" src=\"https:\/\/scandia.ro\/wp-content\/uploads\/2021\/12\/Screenshot-2021-12-30-111408-600x420.png\" width=\"600\" height=\"420\" alt=\"Screenshot 2021 12 30 111408\" title=\"Screenshot 2021 12 30 111408\" \/><\/div>\r\n\t\t<\/figure>\r\n\t<\/div>\r\n\t\r\n<\/div><\/div><\/div><\/div><div id=\"vc_row-69d757751be47\" class=\"vc_row wpb_row vc_row-fluid thegem-custom-69d757751be3c26\"><div class=\"wpb_column vc_column_container vc_col-sm-12 thegem-custom-69d757751c1913506\" ><div class=\"vc_column-inner thegem-custom-inner-69d757751c194\"><div class=\"wpb_wrapper thegem-custom-69d757751c1913506\">\r\n\t\r\n\t\t<div class=\"wpb_text_column wpb_content_element  thegem-vc-text thegem-custom-69d757751c3761018\"  >\r\n\t\t\t<div class=\"wpb_wrapper\">\r\n\t\t\t\t<p>Starting 2019 the group has expended the business in the nuts &amp; seeds segment.<\/p>\n<p>In 2020 a new acquisition abroad is announced, this time a new production facility in Bulgaria. The most important role for this factory is to extend production capacity.<\/p>\n<p>In 2021 the group entered frozen food category after a new acquisition, a production facility in Ilfov county and also has extended the production capacity in charcuterie production by a new acquisition, a production facility in Alba county.<\/p>\n\r\n\t\t\t<\/div>\r\n\t\t\t<style>@media screen and (max-width: 1023px) {.thegem-vc-text.thegem-custom-69d757751c3761018{display: block!important;}}@media screen and (max-width: 767px) {.thegem-vc-text.thegem-custom-69d757751c3761018{display: block!important;}}@media screen and (max-width: 1023px) {.thegem-vc-text.thegem-custom-69d757751c3761018{position: relative !important;}}@media screen and (max-width: 767px) {.thegem-vc-text.thegem-custom-69d757751c3761018{position: relative !important;}}<\/style>\r\n\t\t<\/div>\r\n\t\r\n<div class=\"vc_separator wpb_content_element vc_separator_align_center vc_sep_width_100 vc_sep_pos_align_center vc_separator_no_text vc_sep_color_grey  wpb_content_element\"><span class=\"vc_sep_holder vc_sep_holder_l\"><span  class=\"vc_sep_line\"><\/span><\/span><span class=\"vc_sep_holder vc_sep_holder_r\"><span  class=\"vc_sep_line\"><\/span><\/span>\r\n<\/div><\/div><\/div><\/div><\/div><div id=\"vc_row-69d757751ca37\" class=\"vc_row wpb_row vc_row-fluid thegem-custom-69d757751ca2a8512\"><div class=\"wpb_column vc_column_container vc_col-sm-6 thegem-custom-69d757751cd321811\" ><div class=\"vc_column-inner thegem-custom-inner-69d757751cd35\"><div class=\"wpb_wrapper thegem-custom-69d757751cd321811\">\r\n\t\r\n\t<div  class=\"wpb_single_image wpb_content_element vc_align_left\" >\r\n\t\t\r\n\t\t<figure class=\"wpb_wrapper vc_figure\">\r\n\t\t\t<div class=\"vc_single_image-wrapper   vc_box_border_grey\"><img width=\"1280\" height=\"1280\" src=\"https:\/\/scandia.ro\/wp-content\/uploads\/2022\/02\/branduri.jpg\" class=\"vc_single_image-img attachment-full\" alt=\"Branduri\" title=\"Branduri\" srcset=\"https:\/\/scandia.ro\/wp-content\/uploads\/2022\/02\/branduri.jpg 1280w, https:\/\/scandia.ro\/wp-content\/uploads\/2022\/02\/branduri-300x300.jpg 300w, https:\/\/scandia.ro\/wp-content\/uploads\/2022\/02\/branduri-1024x1024.jpg 1024w, https:\/\/scandia.ro\/wp-content\/uploads\/2022\/02\/branduri-150x150.jpg 150w, https:\/\/scandia.ro\/wp-content\/uploads\/2022\/02\/branduri-768x768.jpg 768w, https:\/\/scandia.ro\/wp-content\/uploads\/2022\/02\/branduri-250x250.jpg 250w, https:\/\/scandia.ro\/wp-content\/uploads\/2022\/02\/branduri-256x256.jpg 256w\" sizes=\"(max-width: 1280px) 100vw, 1280px\" \/><\/div>\r\n\t\t<\/figure>\r\n\t<\/div>\r\n\t\r\n<\/div><\/div><\/div><div class=\"wpb_column vc_column_container vc_col-sm-6 thegem-custom-69d757751d5019499\" ><div class=\"vc_column-inner thegem-custom-inner-69d757751d503\"><div class=\"wpb_wrapper thegem-custom-69d757751d5019499\"><div class=\"vc_empty_space\"   style=\"height: 45px\"><span class=\"vc_empty_space_inner\"><\/span><\/div>\r\n\t\r\n\t\t<div class=\"wpb_text_column wpb_content_element  thegem-vc-text thegem-custom-69d757751d6f53737\"  >\r\n\t\t\t<div class=\"wpb_wrapper\">\r\n\t\t\t\t<h2>Leading brands<\/h2>\n<p>Scandia Food currently owns a highly notorious portfolio among consumers.<\/p>\n<p>Fie c\u0103 vorbim de Scandia Sibiu, Bucegi, Lotka sau Sadu, oricare din ele reu\u0219e\u0219te s\u0103 ajung\u0103 la papilele consumatorilor prin diverse atuuri: Scandia Sibiu este aliatul targetului premium care caut\u0103 re\u021bete curate, f\u0103r\u0103 E-uri, cu ingrediente de calitate superioar\u0103, \u00een timp ce Bucegi este pe mesele celor ce \u00ee\u0219i doresc o m\u00e2ncare gustoas\u0103, \u00eendr\u0103git\u0103 de to\u021bi membrii familiei \u0219i la un pre\u021b accesibil, iar Sadu este adresat celor care au nostalgia m\u00e2nc\u0103rii f\u0103cute la \u021bar\u0103, \u00een b\u0103t\u0103tur\u0103, de p\u0103rin\u021bi sau bunici.<\/p>\n\r\n\t\t\t<\/div>\r\n\t\t\t<style>@media screen and (max-width: 1023px) {.thegem-vc-text.thegem-custom-69d757751d6f53737{display: block!important;}}@media screen and (max-width: 767px) {.thegem-vc-text.thegem-custom-69d757751d6f53737{display: block!important;}}@media screen and (max-width: 1023px) {.thegem-vc-text.thegem-custom-69d757751d6f53737{position: relative !important;}}@media screen and (max-width: 767px) {.thegem-vc-text.thegem-custom-69d757751d6f53737{position: relative !important;}}<\/style>\r\n\t\t<\/div>\r\n\t\r\n<\/div><\/div><\/div><\/div><div id=\"vc_row-69d757751dacb\" class=\"vc_row wpb_row vc_row-fluid thegem-custom-69d757751dabf2527\"><div class=\"wpb_column vc_column_container vc_col-sm-12 thegem-custom-69d757751ddc25131\" ><div class=\"vc_column-inner thegem-custom-inner-69d757751ddc4\"><div class=\"wpb_wrapper thegem-custom-69d757751ddc25131\"><div class=\"vc_separator wpb_content_element vc_separator_align_center vc_sep_width_100 vc_sep_pos_align_center vc_separator_no_text vc_sep_color_grey  wpb_content_element\"><span class=\"vc_sep_holder vc_sep_holder_l\"><span  class=\"vc_sep_line\"><\/span><\/span><span class=\"vc_sep_holder vc_sep_holder_r\"><span  class=\"vc_sep_line\"><\/span><\/span>\r\n<\/div>\r\n\t\r\n\t\t<div class=\"wpb_text_column wpb_content_element  thegem-vc-text thegem-custom-69d757751e0d96513\"  >\r\n\t\t\t<div class=\"wpb_wrapper\">\r\n\t\t\t\t<h2 style=\"text-align: center;\">Moving to a new factory in 2010<\/h2>\n\r\n\t\t\t<\/div>\r\n\t\t\t<style>@media screen and (max-width: 1023px) {.thegem-vc-text.thegem-custom-69d757751e0d96513{display: block!important;}}@media screen and (max-width: 767px) {.thegem-vc-text.thegem-custom-69d757751e0d96513{display: block!important;}}@media screen and (max-width: 1023px) {.thegem-vc-text.thegem-custom-69d757751e0d96513{position: relative !important;}}@media screen and (max-width: 767px) {.thegem-vc-text.thegem-custom-69d757751e0d96513{position: relative !important;}}<\/style>\r\n\t\t<\/div>\r\n\t\r\n\r\n\t\r\n\t<div  class=\"wpb_single_image wpb_content_element vc_align_center\" >\r\n\t\t\r\n\t\t<figure class=\"wpb_wrapper vc_figure\">\r\n\t\t\t<div class=\"vc_single_image-wrapper   vc_box_border_grey\"><img width=\"1920\" height=\"912\" src=\"https:\/\/scandia.ro\/wp-content\/uploads\/2022\/03\/fabrica-colorat-e1647513818121.jpg\" class=\"vc_single_image-img attachment-full\" alt=\"Fabrica Colorat E1647513818121\" title=\"Fabrica Colorat E1647513818121\" srcset=\"https:\/\/scandia.ro\/wp-content\/uploads\/2022\/03\/fabrica-colorat-e1647513818121.jpg 1920w, https:\/\/scandia.ro\/wp-content\/uploads\/2022\/03\/fabrica-colorat-e1647513818121-300x143.jpg 300w, https:\/\/scandia.ro\/wp-content\/uploads\/2022\/03\/fabrica-colorat-e1647513818121-1024x486.jpg 1024w, https:\/\/scandia.ro\/wp-content\/uploads\/2022\/03\/fabrica-colorat-e1647513818121-768x365.jpg 768w, https:\/\/scandia.ro\/wp-content\/uploads\/2022\/03\/fabrica-colorat-e1647513818121-1536x730.jpg 1536w, https:\/\/scandia.ro\/wp-content\/uploads\/2022\/03\/fabrica-colorat-e1647513818121-500x238.jpg 500w, https:\/\/scandia.ro\/wp-content\/uploads\/2022\/03\/fabrica-colorat-e1647513818121-800x380.jpg 800w, https:\/\/scandia.ro\/wp-content\/uploads\/2022\/03\/fabrica-colorat-e1647513818121-1280x608.jpg 1280w\" sizes=\"(max-width: 1920px) 100vw, 1920px\" \/><\/div>\r\n\t\t<\/figure>\r\n\t<\/div>\r\n\t\r\n<div class=\"vc_row wpb_row vc_inner vc_row-fluid thegem-custom-69d757751e79e4135 custom-inner-column-69d757751e7a6\" ><div class=\"wpb_column vc_column_container vc_col-sm-12 thegem-custom-69d757751eae51122\"><div class=\"vc_column-inner thegem-custom-inner-69d757751eae7\"><div class=\"wpb_wrapper thegem-custom-69d757751eae51122\">\r\n\t\r\n\t\t<div class=\"wpb_text_column wpb_content_element  thegem-vc-text thegem-custom-69d757751ec7a2722\"  >\r\n\t\t\t<div class=\"wpb_wrapper\">\r\n\t\t\t\t<p>Scandia Food will always be determined by quality, tradition and innovation alike, promise that is strongly backed by the standards of our newest factory, opened in 2010.<\/p>\n<p>In order to meet the highest standards our factory was built with:<\/p>\n<ul>\n<li>investi\u021bie de peste 40 de milioane de euro;<\/li>\n<li>utilaje \u0219i tehnologii la cele mai \u00eenalte standarde;<\/li>\n<li>suprafa\u021b\u0103 de produc\u021bie de peste 17.000 de metri p\u0103tra\u021bi.<\/li>\n<\/ul>\n\r\n\t\t\t<\/div>\r\n\t\t\t<style>@media screen and (max-width: 1023px) {.thegem-vc-text.thegem-custom-69d757751ec7a2722{display: block!important;}}@media screen and (max-width: 767px) {.thegem-vc-text.thegem-custom-69d757751ec7a2722{display: block!important;}}@media screen and (max-width: 1023px) {.thegem-vc-text.thegem-custom-69d757751ec7a2722{position: relative !important;}}@media screen and (max-width: 767px) {.thegem-vc-text.thegem-custom-69d757751ec7a2722{position: relative !important;}}<\/style>\r\n\t\t<\/div>\r\n\t\r\n<\/div><\/div><\/div><\/div><div class=\"vc_row wpb_row vc_inner vc_row-fluid thegem-custom-69d757751ef393558 custom-inner-column-69d757751ef41\" ><div class=\"wpb_column vc_column_container vc_col-sm-10 thegem-custom-69d757751f2028435\"><div class=\"vc_column-inner thegem-custom-inner-69d757751f205\"><div class=\"wpb_wrapper thegem-custom-69d757751f2028435\"><div class=\"gem-video gem-wrapbox gem-wrapbox-style-no-style rounded-corners gem-wrapbox-position-below\" style=\"width: 100%;\"><div class=\"gem-wrapbox-inner video-block gem-ratio-style\" style=\"padding-top: 56.25%\"><video width=\"100%\" height=\"100%\" controls=\"controls\" src=\"https:\/\/scandia.ro\/wp-content\/uploads\/2022\/05\/Scandia_Sibiu_28.04.2022.mp4\"  poster=\"https:\/\/scandia.ro\/wp-content\/uploads\/2022\/05\/scand.jpg\" preload=\"none\"><\/video><\/div><\/div>\r\n\t\r\n\t\t<div class=\"wpb_text_column wpb_content_element  thegem-vc-text thegem-custom-69d757751f64d86\"  >\r\n\t\t\t<div class=\"wpb_wrapper\">\r\n\t\t\t\t<h3 style=\"text-align: center;\"><a href=\"https:\/\/scandia.ro\/en\/fabricile-scandia-food\/\">ALL OUR FACTORIES - CLICK HERE<\/a><\/h3>\n\r\n\t\t\t<\/div>\r\n\t\t\t<style>@media screen and (max-width: 1023px) {.thegem-vc-text.thegem-custom-69d757751f64d86{display: block!important;}}@media screen and (max-width: 767px) {.thegem-vc-text.thegem-custom-69d757751f64d86{display: block!important;}}@media screen and (max-width: 1023px) {.thegem-vc-text.thegem-custom-69d757751f64d86{position: relative !important;}}@media screen and (max-width: 767px) {.thegem-vc-text.thegem-custom-69d757751f64d86{position: relative !important;}}<\/style>\r\n\t\t<\/div>\r\n\t\r\n<\/div><\/div><\/div><div class=\"wpb_column vc_column_container vc_col-sm-2 thegem-custom-69d757751f9006755\"><div class=\"vc_column-inner thegem-custom-inner-69d757751f902\"><div class=\"wpb_wrapper thegem-custom-69d757751f9006755\"><\/div><\/div><\/div><\/div><\/div><\/div><\/div><\/div>\n<\/div>","protected":false},"excerpt":{"rendered":"","protected":false},"author":7,"featured_media":0,"parent":0,"menu_order":0,"comment_status":"closed","ping_status":"closed","template":"","meta":{"footnotes":""},"class_list":["post-62","page","type-page","status-publish"],"_links":{"self":[{"href":"https:\/\/scandia.ro\/en\/wp-json\/wp\/v2\/pages\/62","targetHints":{"allow":["GET"]}}],"collection":[{"href":"https:\/\/scandia.ro\/en\/wp-json\/wp\/v2\/pages"}],"about":[{"href":"https:\/\/scandia.ro\/en\/wp-json\/wp\/v2\/types\/page"}],"author":[{"embeddable":true,"href":"https:\/\/scandia.ro\/en\/wp-json\/wp\/v2\/users\/7"}],"replies":[{"embeddable":true,"href":"https:\/\/scandia.ro\/en\/wp-json\/wp\/v2\/comments?post=62"}],"version-history":[{"count":0,"href":"https:\/\/scandia.ro\/en\/wp-json\/wp\/v2\/pages\/62\/revisions"}],"wp:attachment":[{"href":"https:\/\/scandia.ro\/en\/wp-json\/wp\/v2\/media?parent=62"}],"curies":[{"name":"wp","href":"https:\/\/api.w.org\/{rel}","templated":true}]}}