{"id":5966,"date":"2025-03-30T18:47:58","date_gmt":"2025-03-30T15:47:58","guid":{"rendered":"https:\/\/scandia.ro\/?page_id=5966"},"modified":"2025-06-30T14:05:59","modified_gmt":"2025-06-30T11:05:59","slug":"sucuri","status":"publish","type":"page","link":"https:\/\/scandia.ro\/en\/sucuri\/","title":{"rendered":"SUCURI"},"content":{"rendered":"<div class=\"wpb-content-wrapper\"><div id=\"vc_row-69da17c8d7040\" class=\"vc_row wpb_row vc_row-fluid thegem-custom-69da17c8d6fe62053\"><div class=\"wpb_column vc_column_container vc_col-sm-12 thegem-custom-69da17c8d72509057\" ><div class=\"vc_column-inner thegem-custom-inner-69da17c8d7252\"><div class=\"wpb_wrapper thegem-custom-69da17c8d72509057\"><div class=\"vc_empty_space\"   style=\"height: 32px\"><span class=\"vc_empty_space_inner\"><\/span><\/div><\/div><\/div><\/div><\/div><div id=\"vc_row-69da17c8d7703\" class=\"vc_row wpb_row vc_row-fluid thegem-custom-69da17c8d76f83361\"><div class=\"wpb_column vc_column_container vc_col-sm-3 thegem-custom-69da17c8d78fa2453\" ><div class=\"vc_column-inner thegem-custom-inner-69da17c8d78fc\"><div class=\"wpb_wrapper thegem-custom-69da17c8d78fa2453\">\r\n\t\r\n\t<div  class=\"wpb_single_image wpb_content_element vc_align_center\" >\r\n\t\t\r\n\t\t<figure class=\"wpb_wrapper vc_figure\">\r\n\t\t\t<div class=\"vc_single_image-wrapper   vc_box_border_grey\"><img width=\"999\" height=\"462\" src=\"https:\/\/scandia.ro\/wp-content\/uploads\/2025\/05\/Vitalique_logo.png\" class=\"vc_single_image-img attachment-full\" alt=\"Vitalique Logo\" title=\"Vitalique Logo\" srcset=\"https:\/\/scandia.ro\/wp-content\/uploads\/2025\/05\/Vitalique_logo.png 999w, https:\/\/scandia.ro\/wp-content\/uploads\/2025\/05\/Vitalique_logo-300x139.png 300w, https:\/\/scandia.ro\/wp-content\/uploads\/2025\/05\/Vitalique_logo-768x355.png 768w, https:\/\/scandia.ro\/wp-content\/uploads\/2025\/05\/Vitalique_logo-18x8.png 18w\" sizes=\"(max-width: 999px) 100vw, 999px\" \/><\/div>\r\n\t\t<\/figure>\r\n\t<\/div>\r\n\t\r\n<\/div><\/div><\/div><div class=\"wpb_column vc_column_container vc_col-sm-9 thegem-custom-69da17c8d86112345\" ><div class=\"vc_column-inner thegem-custom-inner-69da17c8d8613\"><div class=\"wpb_wrapper thegem-custom-69da17c8d86112345\"><div class=\"thegem-te-heading thegem-custom-69da17c8d888c5456\" ><h1 id=\"thegem-heading-69da17c8d8835\" class=\"thegem-heading\" style=\"text-align: left;\" ><span>VITALIQUE<\/span><\/h1><style type=\"text\/css\">#thegem-heading-69da17c8d8835 {margin: 0;}#thegem-heading-69da17c8d8835 a:hover, #thegem-heading-69da17c8d8835 a:hover span.colored {color: var(--thegem-to-menu-level1-color-hover, #00BCD4) !important;}<\/style><\/div><style>@media screen and (max-width: 1023px) {.thegem-te-heading.thegem-custom-69da17c8d888c5456{display: block!important;}}@media screen and (max-width: 767px) {.thegem-te-heading.thegem-custom-69da17c8d888c5456{display: block!important;}}@media screen and (max-width: 1023px) {.thegem-te-heading.thegem-custom-69da17c8d888c5456{position: relative !important;}}@media screen and (max-width: 767px) {.thegem-te-heading.thegem-custom-69da17c8d888c5456{position: relative !important;}}<\/style>\r\n\t\r\n\t\t<div class=\"wpb_text_column wpb_content_element  thegem-vc-text thegem-custom-69da17c8d89ad223\"  >\r\n\t\t\t<div class=\"wpb_wrapper\">\r\n\t\t\t\t<p>Nou\u0103 marc\u0103 Vitalique aduce pe pia\u021b\u0103 sucuri de fructe oferind o experien\u021b\u0103 revigorant\u0103 \u0219i r\u0103coritoare \u00een zilele toride de var\u0103 sau pentru momentele de relaxare cu familia \u0219i prietenii.<\/p>\n<p>Gama include \u0219i sortimente f\u0103r\u0103 zah\u0103r ad\u0103ugat, perfecte pentru cei care \u00ee\u0219i doresc o op\u021biune mai u\u0219oar\u0103, dar la fel de delicioas\u0103.<\/p>\n<p>F\u0103r\u0103 compromisuri \u00een ceea ce prive\u0219te gustul \u0219i calitatea, fiecare produs este creat pentru a oferi o prospe\u021bime autentic\u0103.<\/p>\n\r\n\t\t\t<\/div>\r\n\t\t\t<style>@media screen and (max-width: 1023px) {.thegem-vc-text.thegem-custom-69da17c8d89ad223{display: block!important;}}@media screen and (max-width: 767px) {.thegem-vc-text.thegem-custom-69da17c8d89ad223{display: block!important;}}@media screen and (max-width: 1023px) {.thegem-vc-text.thegem-custom-69da17c8d89ad223{position: relative !important;}}@media screen and (max-width: 767px) {.thegem-vc-text.thegem-custom-69da17c8d89ad223{position: relative !important;}}<\/style>\r\n\t\t<\/div>\r\n\t\r\n<\/div><\/div><\/div><\/div><div id=\"vc_row-69da17c8d8b97\" class=\"vc_row wpb_row vc_row-fluid thegem-custom-69da17c8d8b8b8529\"><div class=\"wpb_column vc_column_container vc_col-sm-12 thegem-custom-69da17c8d8d626666\" ><div class=\"vc_column-inner thegem-custom-inner-69da17c8d8d64\"><div class=\"wpb_wrapper thegem-custom-69da17c8d8d626666\"><div class=\"vc_empty_space\"   style=\"height: 32px\"><span class=\"vc_empty_space_inner\"><\/span><\/div><style>.gem-gallery-grid#style-69da17c8d92bf .gallery-item { padding: calc(42px\/2) !important; }.gem-gallery-grid#style-69da17c8d92bf .gallery-set { margin-top: calc(-42px\/2); margin-bottom: calc(-42px\/2); }.gem-gallery-grid#style-69da17c8d92bf .not-fullwidth-block .gallery-set, .gem-gallery-grid#style-69da17c8d92bf .not-fullwidth-block .portfolio-item-size-container { margin-left: calc(-42px\/2); margin-right: calc(-42px\/2); }.gem-gallery-grid#style-69da17c8d92bf .fullwidth-block { padding-left: calc(42px\/2); padding-right: calc(42px\/2); }.gem-gallery-grid#style-69da17c8d92bf .portfolio-filters { text-align: center }<\/style> <div class=\"gallery-preloader-wrapper\"> <div class=\"row\"> <div id=\"style-69da17c8d92bf\" class=\"gem-gallery-grid col-lg-12 col-md-12 col-sm-12 gallery-style-justified hover-zooming-blur loading-animation item-animation-move-up columns-4 columns-tablet-4 columns-mobile-2 gaps-margin disable-isotope\" data-hover=\"zooming-blur\" data-uid=\"69da17c8d92bf\" data-filter=\"[]\"> <div class=\"portfolio not-fullwidth-block\"> <ul class=\"gallery-set clearfix\" data-max-row-height=\"280\"> <li class=\"gallery-item gallery-0 col-xs-6 col-sm-3 col-md-3 item-animations-not-inited single-icon post-5966 page type-page status-publish\" style=\"\"> <div class=\"wrap gem-wrapbox-style-default\"> <div class=\"overlay-wrap\"> <div class=\"image-wrap\"> <picture> <source srcset=\"https:\/\/scandia.ro\/wp-content\/uploads\/2025\/03\/Vitalique_Vitalique_Grapefruit_Portocale_LamaieVerde_Lime_1Lfront-thegem-product-justified-square-m.avif 1x\" media=\"(max-width: 767px)\" sizes=\"100vw\"> <source srcset=\"https:\/\/scandia.ro\/wp-content\/uploads\/2025\/03\/Vitalique_Vitalique_Grapefruit_Portocale_LamaieVerde_Lime_1Lfront-thegem-product-justified-square-s.avif 1x\" media=\"(max-width: 992px)\" sizes=\"100vw\"> <source srcset=\"https:\/\/scandia.ro\/wp-content\/uploads\/2025\/03\/Vitalique_Vitalique_Grapefruit_Portocale_LamaieVerde_Lime_1Lfront-thegem-product-justified-square-l.png 1x\" sizes=\"100vw\"> <img src=\"https:\/\/scandia.ro\/wp-content\/uploads\/2025\/03\/Vitalique_Vitalique_Grapefruit_Portocale_LamaieVerde_Lime_1Lfront-thegem-product-justified-square-l.png\" width=\"500\" height=\"500\" class=\"attachment-thegem-product-justified-square-l\" alt=\"Vitalique Grapefruit Portocale Lamaieverde Lime 1lfront\" \/> <\/picture> <\/div> <div class=\"overlay\"> <div class=\"overlay-circle\"><\/div> <a href=\"https:\/\/scandia.ro\/wp-content\/uploads\/2025\/03\/Vitalique_Vitalique_Grapefruit_Portocale_LamaieVerde_Lime_1Lfront.png\" class=\"gallery-item-link fancy-gallery\" data-fancybox=\"gallery-69da17c8d92bf\" aria-label=\"Fullsize Image: Vitalique Grapefruit Portocale Lamaieverde Lime 1lfront\"> <span class=\"slide-info\"> <span class=\"slide-info-title\"> Vitalique Grapefruit Portocale Lamaieverde Lime 1lfront <\/span> <span class=\"slide-info-summary\"> Vitalique Grapefruit Portocale Lamaieverde Lime 1lfront <\/span> <\/span> <\/a> <div class=\"overlay-content\"> <div class=\"overlay-content-center\"> <div class=\"overlay-content-inner\"> <div class=\"title\"> Vitalique Grapefruit Portocale Lamaieverde Lime 1lfront <\/div> <div class=\"subtitle\"> Vitalique Grapefruit Portocale Lamaieverde Lime 1lfront <\/div> <\/div> <\/div> <\/div> <\/div> <\/div> <\/div> <\/li> <li class=\"gallery-item gallery-0 col-xs-6 col-sm-3 col-md-3 item-animations-not-inited single-icon post-5966 page type-page status-publish\" style=\"\"> <div class=\"wrap gem-wrapbox-style-default\"> <div class=\"overlay-wrap\"> <div class=\"image-wrap\"> <picture> <source srcset=\"https:\/\/scandia.ro\/wp-content\/uploads\/2025\/03\/Vitalique_Vitalique_Mere_MangoFructulPasiunii_Portocale_1Lfront-thegem-product-justified-square-m.avif 1x\" media=\"(max-width: 767px)\" sizes=\"100vw\"> <source srcset=\"https:\/\/scandia.ro\/wp-content\/uploads\/2025\/03\/Vitalique_Vitalique_Mere_MangoFructulPasiunii_Portocale_1Lfront-thegem-product-justified-square-s.avif 1x\" media=\"(max-width: 992px)\" sizes=\"100vw\"> <source srcset=\"https:\/\/scandia.ro\/wp-content\/uploads\/2025\/03\/Vitalique_Vitalique_Mere_MangoFructulPasiunii_Portocale_1Lfront-thegem-product-justified-square-l.png 1x\" sizes=\"100vw\"> <img src=\"https:\/\/scandia.ro\/wp-content\/uploads\/2025\/03\/Vitalique_Vitalique_Mere_MangoFructulPasiunii_Portocale_1Lfront-thegem-product-justified-square-l.png\" width=\"500\" height=\"500\" class=\"attachment-thegem-product-justified-square-l\" alt=\"Vitalique Mere Mangofructulpasiunii Portocale 1lfront\" \/> <\/picture> <\/div> <div class=\"overlay\"> <div class=\"overlay-circle\"><\/div> <a href=\"https:\/\/scandia.ro\/wp-content\/uploads\/2025\/03\/Vitalique_Vitalique_Mere_MangoFructulPasiunii_Portocale_1Lfront.png\" class=\"gallery-item-link fancy-gallery\" data-fancybox=\"gallery-69da17c8d92bf\" aria-label=\"Fullsize Image: Vitalique Mere Mangofructulpasiunii Portocale 1lfront\"> <span class=\"slide-info\"> <span class=\"slide-info-title\"> Vitalique Mere Mangofructulpasiunii Portocale 1lfront <\/span> <span class=\"slide-info-summary\"> Vitalique Mere Mangofructulpasiunii Portocale 1lfront <\/span> <\/span> <\/a> <div class=\"overlay-content\"> <div class=\"overlay-content-center\"> <div class=\"overlay-content-inner\"> <div class=\"title\"> Vitalique Mere Mangofructulpasiunii Portocale 1lfront <\/div> <div class=\"subtitle\"> Vitalique Mere Mangofructulpasiunii Portocale 1lfront <\/div> <\/div> <\/div> <\/div> <\/div> <\/div> <\/div> <\/li> <li class=\"gallery-item gallery-0 col-xs-6 col-sm-3 col-md-3 item-animations-not-inited single-icon post-5966 page type-page status-publish\" style=\"\"> <div class=\"wrap gem-wrapbox-style-default\"> <div class=\"overlay-wrap\"> <div class=\"image-wrap\"> <picture> <source srcset=\"https:\/\/scandia.ro\/wp-content\/uploads\/2025\/03\/Vitalique_Vitalique_Mere_Rodii_Visine_1Lfront-thegem-product-justified-square-m.avif 1x\" media=\"(max-width: 767px)\" sizes=\"100vw\"> <source srcset=\"https:\/\/scandia.ro\/wp-content\/uploads\/2025\/03\/Vitalique_Vitalique_Mere_Rodii_Visine_1Lfront-thegem-product-justified-square-s.avif 1x\" media=\"(max-width: 992px)\" sizes=\"100vw\"> <source srcset=\"https:\/\/scandia.ro\/wp-content\/uploads\/2025\/03\/Vitalique_Vitalique_Mere_Rodii_Visine_1Lfront-thegem-product-justified-square-l.png 1x\" sizes=\"100vw\"> <img src=\"https:\/\/scandia.ro\/wp-content\/uploads\/2025\/03\/Vitalique_Vitalique_Mere_Rodii_Visine_1Lfront-thegem-product-justified-square-l.png\" width=\"500\" height=\"500\" class=\"attachment-thegem-product-justified-square-l\" alt=\"Vitalique Mere Rodii Visine 1lfront\" \/> <\/picture> <\/div> <div class=\"overlay\"> <div class=\"overlay-circle\"><\/div> <a href=\"https:\/\/scandia.ro\/wp-content\/uploads\/2025\/03\/Vitalique_Vitalique_Mere_Rodii_Visine_1Lfront.png\" class=\"gallery-item-link fancy-gallery\" data-fancybox=\"gallery-69da17c8d92bf\" aria-label=\"Fullsize Image: Vitalique Mere Rodii Visine 1lfront\"> <span class=\"slide-info\"> <span class=\"slide-info-title\"> Vitalique Mere Rodii Visine 1lfront <\/span> <span class=\"slide-info-summary\"> Vitalique Mere Rodii Visine 1lfront <\/span> <\/span> <\/a> <div class=\"overlay-content\"> <div class=\"overlay-content-center\"> <div class=\"overlay-content-inner\"> <div class=\"title\"> Vitalique Mere Rodii Visine 1lfront <\/div> <div class=\"subtitle\"> Vitalique Mere Rodii Visine 1lfront <\/div> <\/div> <\/div> <\/div> <\/div> <\/div> <\/div> <\/li> <li class=\"gallery-item gallery-0 col-xs-6 col-sm-3 col-md-3 item-animations-not-inited single-icon post-5966 page type-page status-publish\" style=\"\"> <div class=\"wrap gem-wrapbox-style-default\"> <div class=\"overlay-wrap\"> <div class=\"image-wrap\"> <picture> <source srcset=\"https:\/\/scandia.ro\/wp-content\/uploads\/2025\/03\/Vitalique_Vitalique_Mere_Struguri_1Lfront-thegem-product-justified-square-m.avif 1x\" media=\"(max-width: 767px)\" sizes=\"100vw\"> <source srcset=\"https:\/\/scandia.ro\/wp-content\/uploads\/2025\/03\/Vitalique_Vitalique_Mere_Struguri_1Lfront-thegem-product-justified-square-s.avif 1x\" media=\"(max-width: 992px)\" sizes=\"100vw\"> <source srcset=\"https:\/\/scandia.ro\/wp-content\/uploads\/2025\/03\/Vitalique_Vitalique_Mere_Struguri_1Lfront-thegem-product-justified-square-l.png 1x\" sizes=\"100vw\"> <img src=\"https:\/\/scandia.ro\/wp-content\/uploads\/2025\/03\/Vitalique_Vitalique_Mere_Struguri_1Lfront-thegem-product-justified-square-l.png\" width=\"500\" height=\"500\" class=\"attachment-thegem-product-justified-square-l\" alt=\"Vitalique Mere Struguri 1lfront\" \/> <\/picture> <\/div> <div class=\"overlay\"> <div class=\"overlay-circle\"><\/div> <a href=\"https:\/\/scandia.ro\/wp-content\/uploads\/2025\/03\/Vitalique_Vitalique_Mere_Struguri_1Lfront.png\" class=\"gallery-item-link fancy-gallery\" data-fancybox=\"gallery-69da17c8d92bf\" aria-label=\"Fullsize Image: Vitalique Mere Struguri 1lfront\"> <span class=\"slide-info\"> <span class=\"slide-info-title\"> Vitalique Mere Struguri 1lfront <\/span> <span class=\"slide-info-summary\"> Vitalique Mere Struguri 1lfront <\/span> <\/span> <\/a> <div class=\"overlay-content\"> <div class=\"overlay-content-center\"> <div class=\"overlay-content-inner\"> <div class=\"title\"> Vitalique Mere Struguri 1lfront <\/div> <div class=\"subtitle\"> Vitalique Mere Struguri 1lfront <\/div> <\/div> <\/div> <\/div> <\/div> <\/div> <\/div> <\/li> <li class=\"gallery-item gallery-0 col-xs-6 col-sm-3 col-md-3 item-animations-not-inited single-icon post-5966 page type-page status-publish\" style=\"\"> <div class=\"wrap gem-wrapbox-style-default\"> <div class=\"overlay-wrap\"> <div class=\"image-wrap\"> <picture> <source srcset=\"https:\/\/scandia.ro\/wp-content\/uploads\/2025\/03\/Vitalique_Vitalique_Mere100\ufffd_1Lfront-thegem-product-justified-square-m.avif 1x\" media=\"(max-width: 767px)\" sizes=\"100vw\"> <source srcset=\"https:\/\/scandia.ro\/wp-content\/uploads\/2025\/03\/Vitalique_Vitalique_Mere100\ufffd_1Lfront-thegem-product-justified-square-s.avif 1x\" media=\"(max-width: 992px)\" sizes=\"100vw\"> <source srcset=\"https:\/\/scandia.ro\/wp-content\/uploads\/2025\/03\/Vitalique_Vitalique_Mere100\ufffd_1Lfront-thegem-product-justified-square-l.png 1x\" sizes=\"100vw\"> <img src=\"https:\/\/scandia.ro\/wp-content\/uploads\/2025\/03\/Vitalique_Vitalique_Mere100\ufffd_1Lfront-thegem-product-justified-square-l.png\" width=\"500\" height=\"500\" class=\"attachment-thegem-product-justified-square-l\" alt=\"Vitalique Mere100 1lfront\" \/> <\/picture> <\/div> <div class=\"overlay\"> <div class=\"overlay-circle\"><\/div> <a href=\"https:\/\/scandia.ro\/wp-content\/uploads\/2025\/03\/Vitalique_Vitalique_Mere100\ufffd_1Lfront.png\" class=\"gallery-item-link fancy-gallery\" data-fancybox=\"gallery-69da17c8d92bf\" aria-label=\"Fullsize Image: Vitalique Mere100 1lfront\"> <span class=\"slide-info\"> <span class=\"slide-info-title\"> Vitalique Mere100 1lfront <\/span> <span class=\"slide-info-summary\"> Vitalique Mere100 1lfront <\/span> <\/span> <\/a> <div class=\"overlay-content\"> <div class=\"overlay-content-center\"> <div class=\"overlay-content-inner\"> <div class=\"title\"> Vitalique Mere100 1lfront <\/div> <div class=\"subtitle\"> Vitalique Mere100 1lfront <\/div> <\/div> <\/div> <\/div> <\/div> <\/div> <\/div> <\/li> <li class=\"gallery-item gallery-0 col-xs-6 col-sm-3 col-md-3 item-animations-not-inited single-icon post-5966 page type-page status-publish\" style=\"\"> <div class=\"wrap gem-wrapbox-style-default\"> <div class=\"overlay-wrap\"> <div class=\"image-wrap\"> <picture> <source srcset=\"https:\/\/scandia.ro\/wp-content\/uploads\/2025\/03\/Vitalique_Vitalique_Portocale_Ghimbir_1Lfront-thegem-product-justified-square-m.avif 1x\" media=\"(max-width: 767px)\" sizes=\"100vw\"> <source srcset=\"https:\/\/scandia.ro\/wp-content\/uploads\/2025\/03\/Vitalique_Vitalique_Portocale_Ghimbir_1Lfront-thegem-product-justified-square-s.avif 1x\" media=\"(max-width: 992px)\" sizes=\"100vw\"> <source srcset=\"https:\/\/scandia.ro\/wp-content\/uploads\/2025\/03\/Vitalique_Vitalique_Portocale_Ghimbir_1Lfront-thegem-product-justified-square-l.png 1x\" sizes=\"100vw\"> <img src=\"https:\/\/scandia.ro\/wp-content\/uploads\/2025\/03\/Vitalique_Vitalique_Portocale_Ghimbir_1Lfront-thegem-product-justified-square-l.png\" width=\"500\" height=\"500\" class=\"attachment-thegem-product-justified-square-l\" alt=\"Vitalique Portocale Ghimbir 1lfront\" \/> <\/picture> <\/div> <div class=\"overlay\"> <div class=\"overlay-circle\"><\/div> <a href=\"https:\/\/scandia.ro\/wp-content\/uploads\/2025\/03\/Vitalique_Vitalique_Portocale_Ghimbir_1Lfront.png\" class=\"gallery-item-link fancy-gallery\" data-fancybox=\"gallery-69da17c8d92bf\" aria-label=\"Fullsize Image: Vitalique Portocale Ghimbir 1lfront\"> <span class=\"slide-info\"> <span class=\"slide-info-title\"> Vitalique Portocale Ghimbir 1lfront <\/span> <span class=\"slide-info-summary\"> Vitalique Portocale Ghimbir 1lfront <\/span> <\/span> <\/a> <div class=\"overlay-content\"> <div class=\"overlay-content-center\"> <div class=\"overlay-content-inner\"> <div class=\"title\"> Vitalique Portocale Ghimbir 1lfront <\/div> <div class=\"subtitle\"> Vitalique Portocale Ghimbir 1lfront <\/div> <\/div> <\/div> <\/div> <\/div> <\/div> <\/div> <\/li> <\/ul> <\/div> <\/div> <\/div> <\/div><\/div><\/div><\/div><\/div>\n<\/div>","protected":false},"excerpt":{"rendered":"","protected":false},"author":4,"featured_media":0,"parent":0,"menu_order":0,"comment_status":"closed","ping_status":"closed","template":"","meta":{"footnotes":""},"class_list":["post-5966","page","type-page","status-publish"],"_links":{"self":[{"href":"https:\/\/scandia.ro\/en\/wp-json\/wp\/v2\/pages\/5966","targetHints":{"allow":["GET"]}}],"collection":[{"href":"https:\/\/scandia.ro\/en\/wp-json\/wp\/v2\/pages"}],"about":[{"href":"https:\/\/scandia.ro\/en\/wp-json\/wp\/v2\/types\/page"}],"author":[{"embeddable":true,"href":"https:\/\/scandia.ro\/en\/wp-json\/wp\/v2\/users\/4"}],"replies":[{"embeddable":true,"href":"https:\/\/scandia.ro\/en\/wp-json\/wp\/v2\/comments?post=5966"}],"version-history":[{"count":0,"href":"https:\/\/scandia.ro\/en\/wp-json\/wp\/v2\/pages\/5966\/revisions"}],"wp:attachment":[{"href":"https:\/\/scandia.ro\/en\/wp-json\/wp\/v2\/media?parent=5966"}],"curies":[{"name":"wp","href":"https:\/\/api.w.org\/{rel}","templated":true}]}}