{"id":5962,"date":"2025-03-30T18:47:31","date_gmt":"2025-03-30T15:47:31","guid":{"rendered":"https:\/\/scandia.ro\/?page_id=5962"},"modified":"2025-06-30T14:06:08","modified_gmt":"2025-06-30T11:06:08","slug":"ulei-de-masline-turte-de-masline","status":"publish","type":"page","link":"https:\/\/scandia.ro\/en\/ulei-de-masline-turte-de-masline\/","title":{"rendered":"ULEI DE M\u0102SLINE \u0218I TURTE DE M\u0102SLINE"},"content":{"rendered":"<div class=\"wpb-content-wrapper\"><div id=\"vc_row-69d4d6b35c3d4\" class=\"vc_row wpb_row vc_row-fluid thegem-custom-69d4d6b35c3c078\"><div class=\"wpb_column vc_column_container vc_col-sm-12 thegem-custom-69d4d6b35c714645\" ><div class=\"vc_column-inner thegem-custom-inner-69d4d6b35c716\"><div class=\"wpb_wrapper thegem-custom-69d4d6b35c714645\"><div class=\"vc_empty_space\"   style=\"height: 32px\"><span class=\"vc_empty_space_inner\"><\/span><\/div><\/div><\/div><\/div><\/div><div id=\"vc_row-69d4d6b35ccf7\" class=\"vc_row wpb_row vc_row-fluid thegem-custom-69d4d6b35ccec854\"><div class=\"wpb_column vc_column_container vc_col-sm-3 thegem-custom-69d4d6b35cff7861\" ><div class=\"vc_column-inner thegem-custom-inner-69d4d6b35cff9\"><div class=\"wpb_wrapper thegem-custom-69d4d6b35cff7861\">\r\n\t\r\n\t<div  class=\"wpb_single_image wpb_content_element vc_align_center\" >\r\n\t\t\r\n\t\t<figure class=\"wpb_wrapper vc_figure\">\r\n\t\t\t<div class=\"vc_single_image-wrapper   vc_box_border_grey\"><img width=\"992\" height=\"1000\" src=\"https:\/\/scandia.ro\/wp-content\/uploads\/2025\/05\/ROUA_logo-1.png\" class=\"vc_single_image-img attachment-full\" alt=\"Logo 1\" title=\"Logo 1\" srcset=\"https:\/\/scandia.ro\/wp-content\/uploads\/2025\/05\/ROUA_logo-1.png 992w, https:\/\/scandia.ro\/wp-content\/uploads\/2025\/05\/ROUA_logo-1-298x300.png 298w, https:\/\/scandia.ro\/wp-content\/uploads\/2025\/05\/ROUA_logo-1-150x150.png 150w, https:\/\/scandia.ro\/wp-content\/uploads\/2025\/05\/ROUA_logo-1-768x774.png 768w, https:\/\/scandia.ro\/wp-content\/uploads\/2025\/05\/ROUA_logo-1-12x12.png 12w\" sizes=\"(max-width: 992px) 100vw, 992px\" \/><\/div>\r\n\t\t<\/figure>\r\n\t<\/div>\r\n\t\r\n<\/div><\/div><\/div><div class=\"wpb_column vc_column_container vc_col-sm-9 thegem-custom-69d4d6b35d9797919\" ><div class=\"vc_column-inner thegem-custom-inner-69d4d6b35d97c\"><div class=\"wpb_wrapper thegem-custom-69d4d6b35d9797919\"><div class=\"thegem-te-heading thegem-custom-69d4d6b35db18819\" ><h1 id=\"thegem-heading-69d4d6b35dac9\" class=\"thegem-heading\" style=\"text-align: left;\" ><span>ROUA<\/span><\/h1><style type=\"text\/css\">#thegem-heading-69d4d6b35dac9 {margin: 0;}#thegem-heading-69d4d6b35dac9 a:hover, #thegem-heading-69d4d6b35dac9 a:hover span.colored {color: var(--thegem-to-menu-level1-color-hover, #00BCD4) !important;}<\/style><\/div><style>@media screen and (max-width: 1023px) {.thegem-te-heading.thegem-custom-69d4d6b35db18819{display: block!important;}}@media screen and (max-width: 767px) {.thegem-te-heading.thegem-custom-69d4d6b35db18819{display: block!important;}}@media screen and (max-width: 1023px) {.thegem-te-heading.thegem-custom-69d4d6b35db18819{position: relative !important;}}@media screen and (max-width: 767px) {.thegem-te-heading.thegem-custom-69d4d6b35db18819{position: relative !important;}}<\/style>\r\n\t\r\n\t\t<div class=\"wpb_text_column wpb_content_element  thegem-vc-text thegem-custom-69d4d6b35dc8b5701\"  >\r\n\t\t\t<div class=\"wpb_wrapper\">\r\n\t\t\t\t<div class=\"wpb_text_column wpb_content_element thegem-vc-text thegem-custom-67e9811dc8a429472\">\n<div class=\"wpb_wrapper\">\n<div id=\"vc_row-67e987f47798b\" class=\"vc_row wpb_row vc_row-fluid thegem-custom-67e987f4779819605\">\n<div class=\"wpb_column vc_column_container vc_col-sm-9 thegem-custom-67e987f4791877700\">\n<div class=\"vc_column-inner thegem-custom-inner-67e987f479189\">\n<div class=\"wpb_wrapper thegem-custom-67e987f4791877700\">\n<div class=\"wpb_text_column wpb_content_element thegem-vc-text thegem-custom-67e987f4793153916\">\n<div class=\"wpb_wrapper\">\n<p>Brandul este prezent pe pia\u021b\u0103 \u00eenc\u0103 din 2016 oferind produse pe baz\u0103 de legume \u0219i fructe. \u00cen prezent portofoliul brandului este foarte diversificat oferind produse at\u00e2t \u00een conserv\u0103 metalic\u0103 c\u00e2t \u0219i la borcan precum: fasole alb\u0103, fasole ro\u0219ie, fasole fava, borlotti, neagr\u0103, cu bob gigant, linte, n\u0103ut, maz\u0103re, porumb, ro\u0219ii la conserv\u0103, passata, ananas rondele \u0219i ananas buc\u0103\u021bi iar din 2024 brandul a intrat \u0219i \u00een categoria uleiului de m\u0103sline \u0219i ulei din turte de m\u0103sline, produse disponibile \u00een diferite gramaje.<\/p>\n<\/div>\n<\/div>\n<\/div>\n<\/div>\n<\/div>\n<\/div>\n<\/div>\n<\/div>\n\r\n\t\t\t<\/div>\r\n\t\t\t<style>@media screen and (max-width: 1023px) {.thegem-vc-text.thegem-custom-69d4d6b35dc8b5701{display: block!important;}}@media screen and (max-width: 767px) {.thegem-vc-text.thegem-custom-69d4d6b35dc8b5701{display: block!important;}}@media screen and (max-width: 1023px) {.thegem-vc-text.thegem-custom-69d4d6b35dc8b5701{position: relative !important;}}@media screen and (max-width: 767px) {.thegem-vc-text.thegem-custom-69d4d6b35dc8b5701{position: relative !important;}}<\/style>\r\n\t\t<\/div>\r\n\t\r\n<\/div><\/div><\/div><\/div><div id=\"vc_row-69d4d6b35e0a3\" class=\"vc_row wpb_row vc_row-fluid thegem-custom-69d4d6b35e0983802\"><div class=\"wpb_column vc_column_container vc_col-sm-12 thegem-custom-69d4d6b35e3798916\" ><div class=\"vc_column-inner thegem-custom-inner-69d4d6b35e37b\"><div class=\"wpb_wrapper thegem-custom-69d4d6b35e3798916\"><div class=\"vc_empty_space\"   style=\"height: 32px\"><span class=\"vc_empty_space_inner\"><\/span><\/div><\/div><\/div><\/div><\/div><div id=\"vc_row-69d4d6b35e7b9\" class=\"vc_row wpb_row vc_row-fluid thegem-custom-69d4d6b35e7ad4251\"><div class=\"wpb_column vc_column_container vc_col-sm-12 thegem-custom-69d4d6b35ea7b1298\" ><div class=\"vc_column-inner thegem-custom-inner-69d4d6b35ea7d\"><div class=\"wpb_wrapper thegem-custom-69d4d6b35ea7b1298\"><div class=\"thegem-te-heading thegem-custom-69d4d6b35ebbb1739\" ><h1 id=\"thegem-heading-69d4d6b35eb97\" class=\"thegem-heading\" style=\"text-align: left;\" ><span>ULEI DE M\u0102SLINE \u0218I TURTE DE M\u0102SLINE<\/span><\/h1><style type=\"text\/css\">#thegem-heading-69d4d6b35eb97 {margin: 0;}#thegem-heading-69d4d6b35eb97 a:hover, #thegem-heading-69d4d6b35eb97 a:hover span.colored {color: var(--thegem-to-menu-level1-color-hover, #00BCD4) !important;}<\/style><\/div><style>@media screen and (max-width: 1023px) {.thegem-te-heading.thegem-custom-69d4d6b35ebbb1739{display: block!important;}}@media screen and (max-width: 767px) {.thegem-te-heading.thegem-custom-69d4d6b35ebbb1739{display: block!important;}}@media screen and (max-width: 1023px) {.thegem-te-heading.thegem-custom-69d4d6b35ebbb1739{position: relative !important;}}@media screen and (max-width: 767px) {.thegem-te-heading.thegem-custom-69d4d6b35ebbb1739{position: relative !important;}}<\/style><div class=\"vc_empty_space\"   style=\"height: 32px\"><span class=\"vc_empty_space_inner\"><\/span><\/div><style>.gem-gallery-grid#style-69d4d6b35efc9 .gallery-item { padding: calc(42px\/2) !important; }.gem-gallery-grid#style-69d4d6b35efc9 .gallery-set { margin-top: calc(-42px\/2); margin-bottom: calc(-42px\/2); }.gem-gallery-grid#style-69d4d6b35efc9 .not-fullwidth-block .gallery-set, .gem-gallery-grid#style-69d4d6b35efc9 .not-fullwidth-block .portfolio-item-size-container { margin-left: calc(-42px\/2); margin-right: calc(-42px\/2); }.gem-gallery-grid#style-69d4d6b35efc9 .fullwidth-block { padding-left: calc(42px\/2); padding-right: calc(42px\/2); }.gem-gallery-grid#style-69d4d6b35efc9 .portfolio-filters { text-align: center }<\/style> <div class=\"gallery-preloader-wrapper\"> <div class=\"row\"> <div id=\"style-69d4d6b35efc9\" class=\"gem-gallery-grid col-lg-12 col-md-12 col-sm-12 gallery-style-justified hover-zooming-blur loading-animation item-animation-move-up columns-4 columns-tablet-4 columns-mobile-2 gaps-margin disable-isotope\" data-hover=\"zooming-blur\" data-uid=\"69d4d6b35efc9\" data-filter=\"[]\"> <div class=\"portfolio not-fullwidth-block\"> <ul class=\"gallery-set clearfix\" data-max-row-height=\"280\"> <li class=\"gallery-item gallery-0 col-xs-6 col-sm-3 col-md-3 item-animations-not-inited single-icon post-5962 page type-page status-publish\" style=\"\"> <div class=\"wrap gem-wrapbox-style-default\"> <div class=\"overlay-wrap\"> <div class=\"image-wrap\"> <picture> <source srcset=\"https:\/\/scandia.ro\/wp-content\/uploads\/2025\/03\/ROUA-Ulei_ROUA-Ulei-de-masline-extravirgin-250-ml-TO-thegem-product-justified-square-m.avif 1x\" media=\"(max-width: 767px)\" sizes=\"100vw\"> <source srcset=\"https:\/\/scandia.ro\/wp-content\/uploads\/2025\/03\/ROUA-Ulei_ROUA-Ulei-de-masline-extravirgin-250-ml-TO-thegem-product-justified-square-s.avif 1x\" media=\"(max-width: 992px)\" sizes=\"100vw\"> <source srcset=\"https:\/\/scandia.ro\/wp-content\/uploads\/2025\/03\/ROUA-Ulei_ROUA-Ulei-de-masline-extravirgin-250-ml-TO-thegem-product-justified-square-l.jpg 1x\" sizes=\"100vw\"> <img src=\"https:\/\/scandia.ro\/wp-content\/uploads\/2025\/03\/ROUA-Ulei_ROUA-Ulei-de-masline-extravirgin-250-ml-TO-thegem-product-justified-square-l.jpg\" width=\"500\" height=\"500\" class=\"attachment-thegem-product-justified-square-l\" alt=\"Ulei De Masline Extravirgin 250 Ml To\" \/> <\/picture> <\/div> <div class=\"overlay\"> <div class=\"overlay-circle\"><\/div> <a href=\"https:\/\/scandia.ro\/wp-content\/uploads\/2025\/03\/ROUA-Ulei_ROUA-Ulei-de-masline-extravirgin-250-ml-TO.jpg\" class=\"gallery-item-link fancy-gallery\" data-fancybox=\"gallery-69d4d6b35efc9\" aria-label=\"Fullsize Image: Ulei De Masline Extravirgin 250 Ml To\"> <span class=\"slide-info\"> <span class=\"slide-info-title\"> Ulei De Masline Extravirgin 250 Ml To <\/span> <span class=\"slide-info-summary\"> Ulei De Masline Extravirgin 250 Ml To <\/span> <\/span> <\/a> <div class=\"overlay-content\"> <div class=\"overlay-content-center\"> <div class=\"overlay-content-inner\"> <div class=\"title\"> Ulei De Masline Extravirgin 250 Ml To <\/div> <div class=\"subtitle\"> Ulei De Masline Extravirgin 250 Ml To <\/div> <\/div> <\/div> <\/div> <\/div> <\/div> <\/div> <\/li> <li class=\"gallery-item gallery-0 col-xs-6 col-sm-3 col-md-3 item-animations-not-inited single-icon post-5962 page type-page status-publish\" style=\"\"> <div class=\"wrap gem-wrapbox-style-default\"> <div class=\"overlay-wrap\"> <div class=\"image-wrap\"> <picture> <source srcset=\"https:\/\/scandia.ro\/wp-content\/uploads\/2025\/03\/ROUA-Ulei_ROUA-Ulei-de-masline-extravirgin-500-ml-TO-thegem-product-justified-square-m.avif 1x\" media=\"(max-width: 767px)\" sizes=\"100vw\"> <source srcset=\"https:\/\/scandia.ro\/wp-content\/uploads\/2025\/03\/ROUA-Ulei_ROUA-Ulei-de-masline-extravirgin-500-ml-TO-thegem-product-justified-square-s.avif 1x\" media=\"(max-width: 992px)\" sizes=\"100vw\"> <source srcset=\"https:\/\/scandia.ro\/wp-content\/uploads\/2025\/03\/ROUA-Ulei_ROUA-Ulei-de-masline-extravirgin-500-ml-TO-thegem-product-justified-square-l.jpg 1x\" sizes=\"100vw\"> <img src=\"https:\/\/scandia.ro\/wp-content\/uploads\/2025\/03\/ROUA-Ulei_ROUA-Ulei-de-masline-extravirgin-500-ml-TO-thegem-product-justified-square-l.jpg\" width=\"500\" height=\"500\" class=\"attachment-thegem-product-justified-square-l\" alt=\"Ulei De Masline Extravirgin 500 Ml To\" \/> <\/picture> <\/div> <div class=\"overlay\"> <div class=\"overlay-circle\"><\/div> <a href=\"https:\/\/scandia.ro\/wp-content\/uploads\/2025\/03\/ROUA-Ulei_ROUA-Ulei-de-masline-extravirgin-500-ml-TO.jpg\" class=\"gallery-item-link fancy-gallery\" data-fancybox=\"gallery-69d4d6b35efc9\" aria-label=\"Fullsize Image: Ulei De Masline Extravirgin 500 Ml To\"> <span class=\"slide-info\"> <span class=\"slide-info-title\"> Ulei De Masline Extravirgin 500 Ml To <\/span> <span class=\"slide-info-summary\"> Ulei De Masline Extravirgin 500 Ml To <\/span> <\/span> <\/a> <div class=\"overlay-content\"> <div class=\"overlay-content-center\"> <div class=\"overlay-content-inner\"> <div class=\"title\"> Ulei De Masline Extravirgin 500 Ml To <\/div> <div class=\"subtitle\"> Ulei De Masline Extravirgin 500 Ml To <\/div> <\/div> <\/div> <\/div> <\/div> <\/div> <\/div> <\/li> <li class=\"gallery-item gallery-0 col-xs-6 col-sm-3 col-md-3 item-animations-not-inited single-icon post-5962 page type-page status-publish\" style=\"\"> <div class=\"wrap gem-wrapbox-style-default\"> <div class=\"overlay-wrap\"> <div class=\"image-wrap\"> <picture> <source srcset=\"https:\/\/scandia.ro\/wp-content\/uploads\/2025\/03\/ROUA-Ulei_ROUA-Ulei-de-masline-extravirgin-1000-ml-TO-thegem-product-justified-square-m.avif 1x\" media=\"(max-width: 767px)\" sizes=\"100vw\"> <source srcset=\"https:\/\/scandia.ro\/wp-content\/uploads\/2025\/03\/ROUA-Ulei_ROUA-Ulei-de-masline-extravirgin-1000-ml-TO-thegem-product-justified-square-s.avif 1x\" media=\"(max-width: 992px)\" sizes=\"100vw\"> <source srcset=\"https:\/\/scandia.ro\/wp-content\/uploads\/2025\/03\/ROUA-Ulei_ROUA-Ulei-de-masline-extravirgin-1000-ml-TO-thegem-product-justified-square-l.jpg 1x\" sizes=\"100vw\"> <img src=\"https:\/\/scandia.ro\/wp-content\/uploads\/2025\/03\/ROUA-Ulei_ROUA-Ulei-de-masline-extravirgin-1000-ml-TO-thegem-product-justified-square-l.jpg\" width=\"500\" height=\"500\" class=\"attachment-thegem-product-justified-square-l\" alt=\"Ulei De Masline Extravirgin 1000 Ml To\" \/> <\/picture> <\/div> <div class=\"overlay\"> <div class=\"overlay-circle\"><\/div> <a href=\"https:\/\/scandia.ro\/wp-content\/uploads\/2025\/03\/ROUA-Ulei_ROUA-Ulei-de-masline-extravirgin-1000-ml-TO.jpg\" class=\"gallery-item-link fancy-gallery\" data-fancybox=\"gallery-69d4d6b35efc9\" aria-label=\"Fullsize Image: Ulei De Masline Extravirgin 1000 Ml To\"> <span class=\"slide-info\"> <span class=\"slide-info-title\"> Ulei De Masline Extravirgin 1000 Ml To <\/span> <span class=\"slide-info-summary\"> Ulei De Masline Extravirgin 1000 Ml To <\/span> <\/span> <\/a> <div class=\"overlay-content\"> <div class=\"overlay-content-center\"> <div class=\"overlay-content-inner\"> <div class=\"title\"> Ulei De Masline Extravirgin 1000 Ml To <\/div> <div class=\"subtitle\"> Ulei De Masline Extravirgin 1000 Ml To <\/div> <\/div> <\/div> <\/div> <\/div> <\/div> <\/div> <\/li> <li class=\"gallery-item gallery-0 col-xs-6 col-sm-3 col-md-3 item-animations-not-inited single-icon post-5962 page type-page status-publish\" style=\"\"> <div class=\"wrap gem-wrapbox-style-default\"> <div class=\"overlay-wrap\"> <div class=\"image-wrap\"> <picture> <source srcset=\"https:\/\/scandia.ro\/wp-content\/uploads\/2025\/03\/ROUA-Ulei_ROUA-Ulei-din-turte-de-masline-1000-ml-TO-thegem-product-justified-square-m.avif 1x\" media=\"(max-width: 767px)\" sizes=\"100vw\"> <source srcset=\"https:\/\/scandia.ro\/wp-content\/uploads\/2025\/03\/ROUA-Ulei_ROUA-Ulei-din-turte-de-masline-1000-ml-TO-thegem-product-justified-square-s.avif 1x\" media=\"(max-width: 992px)\" sizes=\"100vw\"> <source srcset=\"https:\/\/scandia.ro\/wp-content\/uploads\/2025\/03\/ROUA-Ulei_ROUA-Ulei-din-turte-de-masline-1000-ml-TO-thegem-product-justified-square-l.jpg 1x\" sizes=\"100vw\"> <img src=\"https:\/\/scandia.ro\/wp-content\/uploads\/2025\/03\/ROUA-Ulei_ROUA-Ulei-din-turte-de-masline-1000-ml-TO-thegem-product-justified-square-l.jpg\" width=\"500\" height=\"500\" class=\"attachment-thegem-product-justified-square-l\" alt=\"Ulei Turte De Masline 1000 Ml To\" \/> <\/picture> <\/div> <div class=\"overlay\"> <div class=\"overlay-circle\"><\/div> <a href=\"https:\/\/scandia.ro\/wp-content\/uploads\/2025\/03\/ROUA-Ulei_ROUA-Ulei-din-turte-de-masline-1000-ml-TO.jpg\" class=\"gallery-item-link fancy-gallery\" data-fancybox=\"gallery-69d4d6b35efc9\" aria-label=\"Fullsize Image: Ulei Turte De Masline 1000 Ml To\"> <span class=\"slide-info\"> <span class=\"slide-info-title\"> Ulei Turte De Masline 1000 Ml To <\/span> <span class=\"slide-info-summary\"> Ulei Turte De Masline 1000 Ml To <\/span> <\/span> <\/a> <div class=\"overlay-content\"> <div class=\"overlay-content-center\"> <div class=\"overlay-content-inner\"> <div class=\"title\"> Ulei Turte De Masline 1000 Ml To <\/div> <div class=\"subtitle\"> Ulei Turte De Masline 1000 Ml To <\/div> <\/div> <\/div> <\/div> <\/div> <\/div> <\/div> <\/li> <\/ul> <\/div> <\/div> <\/div> <\/div><\/div><\/div><\/div><\/div><div id=\"vc_row-69d4d6b360819\" class=\"vc_row wpb_row vc_row-fluid thegem-custom-69d4d6b36080e5944\"><div class=\"wpb_column vc_column_container vc_col-sm-12 thegem-custom-69d4d6b360af05956\" ><div class=\"vc_column-inner thegem-custom-inner-69d4d6b360af2\"><div class=\"wpb_wrapper thegem-custom-69d4d6b360af05956\"><div class=\"vc_empty_space\"   style=\"height: 32px\"><span class=\"vc_empty_space_inner\"><\/span><\/div><\/div><\/div><\/div><\/div><div id=\"vc_row-69d4d6b360fae\" class=\"vc_row wpb_row vc_row-fluid thegem-custom-69d4d6b360fa35955\"><\/div>\n<\/div>","protected":false},"excerpt":{"rendered":"","protected":false},"author":4,"featured_media":0,"parent":0,"menu_order":0,"comment_status":"closed","ping_status":"closed","template":"","meta":{"footnotes":""},"class_list":["post-5962","page","type-page","status-publish"],"_links":{"self":[{"href":"https:\/\/scandia.ro\/en\/wp-json\/wp\/v2\/pages\/5962","targetHints":{"allow":["GET"]}}],"collection":[{"href":"https:\/\/scandia.ro\/en\/wp-json\/wp\/v2\/pages"}],"about":[{"href":"https:\/\/scandia.ro\/en\/wp-json\/wp\/v2\/types\/page"}],"author":[{"embeddable":true,"href":"https:\/\/scandia.ro\/en\/wp-json\/wp\/v2\/users\/4"}],"replies":[{"embeddable":true,"href":"https:\/\/scandia.ro\/en\/wp-json\/wp\/v2\/comments?post=5962"}],"version-history":[{"count":0,"href":"https:\/\/scandia.ro\/en\/wp-json\/wp\/v2\/pages\/5962\/revisions"}],"wp:attachment":[{"href":"https:\/\/scandia.ro\/en\/wp-json\/wp\/v2\/media?parent=5962"}],"curies":[{"name":"wp","href":"https:\/\/api.w.org\/{rel}","templated":true}]}}