{"id":5808,"date":"2023-05-21T19:51:42","date_gmt":"2023-05-21T16:51:42","guid":{"rendered":"https:\/\/scandia.ro\/?page_id=5808"},"modified":"2023-05-22T10:16:13","modified_gmt":"2023-05-22T07:16:13","slug":"quiz","status":"publish","type":"page","link":"https:\/\/scandia.ro\/en\/quiz\/","title":{"rendered":"QUIZ"},"content":{"rendered":"<div class=\"wpb-content-wrapper\"><section id=\"vc_section-69d67f7273b63\" class=\"vc_section\"><div id=\"vc_row-69d67f7274253\" class=\"vc_row wpb_row vc_row-fluid thegem-custom-69d67f72742448547\"><div class=\"wpb_column vc_column_container vc_col-sm-3 thegem-custom-69d67f727466a365\" ><div class=\"vc_column-inner thegem-custom-inner-69d67f727466d\"><div class=\"wpb_wrapper thegem-custom-69d67f727466a365\"><\/div><\/div><\/div><div class=\"wpb_column vc_column_container vc_col-sm-6 thegem-custom-69d67f7274b3a2595\" ><div class=\"vc_column-inner thegem-custom-inner-69d67f7274b3c\"><div class=\"wpb_wrapper thegem-custom-69d67f7274b3a2595\">\r\n\t\r\n\t<div  class=\"wpb_single_image wpb_content_element vc_align_center\" >\r\n\t\t\r\n\t\t<figure class=\"wpb_wrapper vc_figure\">\r\n\t\t\t<div class=\"vc_single_image-wrapper   vc_box_border_grey\"><img width=\"2560\" height=\"1707\" src=\"https:\/\/scandia.ro\/wp-content\/uploads\/2023\/05\/pexels-deborah-seychell-13760434-scaled.jpg\" class=\"vc_single_image-img attachment-full\" alt=\"Pexels Deborah Seychell 13760434 Scaled\" title=\"Pexels Deborah Seychell 13760434 Scaled\" srcset=\"https:\/\/scandia.ro\/wp-content\/uploads\/2023\/05\/pexels-deborah-seychell-13760434-scaled.jpg 2560w, https:\/\/scandia.ro\/wp-content\/uploads\/2023\/05\/pexels-deborah-seychell-13760434-300x200.jpg 300w, https:\/\/scandia.ro\/wp-content\/uploads\/2023\/05\/pexels-deborah-seychell-13760434-1024x683.jpg 1024w, https:\/\/scandia.ro\/wp-content\/uploads\/2023\/05\/pexels-deborah-seychell-13760434-768x512.jpg 768w, https:\/\/scandia.ro\/wp-content\/uploads\/2023\/05\/pexels-deborah-seychell-13760434-1536x1024.jpg 1536w, https:\/\/scandia.ro\/wp-content\/uploads\/2023\/05\/pexels-deborah-seychell-13760434-2048x1365.jpg 2048w, https:\/\/scandia.ro\/wp-content\/uploads\/2023\/05\/pexels-deborah-seychell-13760434-18x12.jpg 18w\" sizes=\"(max-width: 2560px) 100vw, 2560px\" \/><\/div><figcaption class=\"vc_figure-caption\">Pexels Deborah Seychell 13760434 Scaled<\/figcaption>\r\n\t\t<\/figure>\r\n\t<\/div>\r\n\t\r\n<\/div><\/div><\/div><div class=\"wpb_column vc_column_container vc_col-sm-3 thegem-custom-69d67f727564d1261\" ><div class=\"vc_column-inner thegem-custom-inner-69d67f727564f\"><div class=\"wpb_wrapper thegem-custom-69d67f727564d1261\"><\/div><\/div><\/div><\/div><div id=\"vc_row-69d67f72759db\" class=\"vc_row wpb_row vc_row-fluid thegem-custom-69d67f72759ce2903\"><div class=\"wpb_column vc_column_container vc_col-sm-3 thegem-custom-69d67f7275d2c6541\" ><div class=\"vc_column-inner thegem-custom-inner-69d67f7275d2e\"><div class=\"wpb_wrapper thegem-custom-69d67f7275d2c6541\"><\/div><\/div><\/div><div class=\"wpb_column vc_column_container vc_col-sm-6 thegem-custom-69d67f7275ffb1199\" ><div class=\"vc_column-inner thegem-custom-inner-69d67f7275ffd\"><div class=\"wpb_wrapper thegem-custom-69d67f7275ffb1199\">\r\n\t\r\n\t\t<div class=\"wpb_text_column wpb_content_element  thegem-vc-text thegem-custom-69d67f727621e5352\"  >\r\n\t\t\t<div class=\"wpb_wrapper\">\r\n\t\t\t\t<p><span style=\"color: #000000;\">Sibiul este un ora\u0219 minunat, renumit pentru tradi\u021bii, fiind locul unde a luat na\u0219tere povestea Scandia Food. O metod\u0103 excelent\u0103 de a-l descoperi \u0219i a afla pove\u0219tile sale este prin mi\u0219care. Dar p\u00e2n\u0103 atunci, ce zici s\u0103 \u00ee\u021bi testezi pu\u021bin cuno\u0219tin\u021bele despre ora\u0219 printr-un quiz online rapid?<\/span><\/p>\n\r\n\t\t\t<\/div>\r\n\t\t\t<style>@media screen and (max-width: 1023px) {.thegem-vc-text.thegem-custom-69d67f727621e5352{display: block!important;}}@media screen and (max-width: 767px) {.thegem-vc-text.thegem-custom-69d67f727621e5352{display: block!important;}}@media screen and (max-width: 1023px) {.thegem-vc-text.thegem-custom-69d67f727621e5352{position: relative !important;}}@media screen and (max-width: 767px) {.thegem-vc-text.thegem-custom-69d67f727621e5352{position: relative !important;}}<\/style>\r\n\t\t<\/div>\r\n\t\r\n<\/div><\/div><\/div><div class=\"wpb_column vc_column_container vc_col-sm-3 thegem-custom-69d67f727657d1127\" ><div class=\"vc_column-inner thegem-custom-inner-69d67f7276580\"><div class=\"wpb_wrapper thegem-custom-69d67f727657d1127\"><\/div><\/div><\/div><\/div><div id=\"vc_row-69d67f7276914\" class=\"vc_row wpb_row vc_row-fluid thegem-custom-69d67f72769072928\"><div class=\"wpb_column vc_column_container vc_col-sm-3 thegem-custom-69d67f7276bb81873\" ><div class=\"vc_column-inner thegem-custom-inner-69d67f7276bba\"><div class=\"wpb_wrapper thegem-custom-69d67f7276bb81873\"><\/div><\/div><\/div><div class=\"wpb_column vc_column_container vc_col-sm-6 thegem-custom-69d67f7276e6c5406\" ><div class=\"vc_column-inner thegem-custom-inner-69d67f7276e6e\"><div class=\"wpb_wrapper thegem-custom-69d67f7276e6c5406\">\r\n\t\r\n\t\t<div class=\"wpb_text_column wpb_content_element  thegem-vc-text thegem-custom-69d67f7276fd01028\"  >\r\n\t\t\t<div class=\"wpb_wrapper\">\r\n\t\t\t\t<p>[forminator_form id=&#8221;5810&#8243;]<\/p>\n\r\n\t\t\t<\/div>\r\n\t\t\t<style>@media screen and (max-width: 1023px) {.thegem-vc-text.thegem-custom-69d67f7276fd01028{display: block!important;}}@media screen and (max-width: 767px) {.thegem-vc-text.thegem-custom-69d67f7276fd01028{display: block!important;}}@media screen and (max-width: 1023px) {.thegem-vc-text.thegem-custom-69d67f7276fd01028{position: relative !important;}}@media screen and (max-width: 767px) {.thegem-vc-text.thegem-custom-69d67f7276fd01028{position: relative !important;}}<\/style>\r\n\t\t<\/div>\r\n\t\r\n<\/div><\/div><\/div><div class=\"wpb_column vc_column_container vc_col-sm-3 thegem-custom-69d67f727732a4566\" ><div class=\"vc_column-inner thegem-custom-inner-69d67f727732c\"><div class=\"wpb_wrapper thegem-custom-69d67f727732a4566\"><\/div><\/div><\/div><\/div><\/section>\n<\/div>","protected":false},"excerpt":{"rendered":"","protected":false},"author":7,"featured_media":0,"parent":0,"menu_order":0,"comment_status":"closed","ping_status":"closed","template":"","meta":{"footnotes":""},"class_list":["post-5808","page","type-page","status-publish"],"_links":{"self":[{"href":"https:\/\/scandia.ro\/en\/wp-json\/wp\/v2\/pages\/5808","targetHints":{"allow":["GET"]}}],"collection":[{"href":"https:\/\/scandia.ro\/en\/wp-json\/wp\/v2\/pages"}],"about":[{"href":"https:\/\/scandia.ro\/en\/wp-json\/wp\/v2\/types\/page"}],"author":[{"embeddable":true,"href":"https:\/\/scandia.ro\/en\/wp-json\/wp\/v2\/users\/7"}],"replies":[{"embeddable":true,"href":"https:\/\/scandia.ro\/en\/wp-json\/wp\/v2\/comments?post=5808"}],"version-history":[{"count":0,"href":"https:\/\/scandia.ro\/en\/wp-json\/wp\/v2\/pages\/5808\/revisions"}],"wp:attachment":[{"href":"https:\/\/scandia.ro\/en\/wp-json\/wp\/v2\/media?parent=5808"}],"curies":[{"name":"wp","href":"https:\/\/api.w.org\/{rel}","templated":true}]}}