{"id":3508,"date":"2021-12-28T14:52:02","date_gmt":"2021-12-28T12:52:02","guid":{"rendered":"https:\/\/scandia.ro\/?page_id=3508"},"modified":"2026-02-11T10:15:30","modified_gmt":"2026-02-11T08:15:30","slug":"comunicate-de-presa","status":"publish","type":"page","link":"https:\/\/scandia.ro\/en\/comunicate-de-presa\/","title":{"rendered":"COMUNICATE DE PRES\u0102"},"content":{"rendered":"<div class=\"wpb-content-wrapper\"><div id=\"vc_row-69de714f16da1\" class=\"vc_row wpb_row vc_row-fluid thegem-custom-69de714f16d529984\"><div class=\"wpb_column vc_column_container vc_col-sm-12 thegem-custom-69de714f171ac7126\" ><div class=\"vc_column-inner thegem-custom-inner-69de714f171af\"><div class=\"wpb_wrapper thegem-custom-69de714f171ac7126\"><div class=\"vc_empty_space\"   style=\"height: 32px\"><span class=\"vc_empty_space_inner\"><\/span><\/div><div id=\"style-0527b41\" data-style-uid=\"0527b41\" class=\"blog blog-style-justified-3x justified-style-1 inline-row clearfix item-animation-move-up pagination-disable\" data-next-page=\"2\" data-pages-count=\"3\">\n<article id=\"post-8260\" class=\"col-lg-4 col-md-4 col-sm-6 col-xs-6 inline-column item-animations-not-inited post-8260 post type-post status-publish format-standard has-post-thumbnail category-nou\"> <div class=\"post-content-wrapper\" style=\"\"> <div class=\"post-image\"><div class=\"post-featured-content\"><a href=\"https:\/\/scandia.ro\/en\/2026\/03\/04\/regulament-oficial-giveaway-retete-inspirate-alaturi-de-navodul-plin\/\"> <picture> <source srcset=\"https:\/\/scandia.ro\/wp-content\/uploads\/2026\/03\/imagine-NP-regulament-thegem-blog-justified.avif 1x\" media=\"(max-width: 992px)\" sizes=\"100vw\"> <source srcset=\"https:\/\/scandia.ro\/wp-content\/uploads\/2026\/03\/imagine-NP-regulament-thegem-blog-justified-3x-small.avif 1x\" media=\"(max-width: 1100px)\" sizes=\"100vw\"> <source srcset=\"https:\/\/scandia.ro\/wp-content\/uploads\/2026\/03\/imagine-NP-regulament-thegem-blog-justified-3x.avif 1x\" media=\"(max-width: 1920px)\" sizes=\"100vw\"> <img src=\"https:\/\/scandia.ro\/wp-content\/uploads\/2026\/03\/imagine-NP-regulament-thegem-blog-justified.avif\" width=\"640\" height=\"480\" class=\"img-responsive\" alt=\"Imagine Regulament\" \/> <\/picture> <\/a><\/div><\/div> <div class=\"description\"> <div class=\"post-meta-conteiner\"> <div class=\"post-meta-right\"> <\/div> <\/div> <div class=\"post-title\"> <div class=\"entry-title title-h4\"><a href=\"https:\/\/scandia.ro\/en\/2026\/03\/04\/regulament-oficial-giveaway-retete-inspirate-alaturi-de-navodul-plin\/\" rel=\"bookmark\"><span class=\"light\">REGULAMENT OFICIAL GIVEAWAY \u201eRe\u021bete inspirate al\u0103turi de N\u0103vodul Plin!\u201d<\/span><\/a><\/div> <\/div> <div class=\"post-text\"> <div class=\"summary\"> <\/div> <\/div> <div class=\"info clearfix\"> <div class=\"post-read-more\"><div class=\"gem-button-container gem-button-position-inline thegem-button-69de714f1a2498228\" ><a class=\"gem-button gem-button-size-tiny gem-button-style-outline gem-button-text-weight-normal gem-button-border-2\" data-ll-effect=\"drop-right-without-wrap\" style=\"border-radius: 3px;\" onmouseleave=\"\" onmouseenter=\"\" href=\"https:\/\/scandia.ro\/en\/2026\/03\/04\/regulament-oficial-giveaway-retete-inspirate-alaturi-de-navodul-plin\/\" target=\"_self\">Read More<\/a><\/div> <\/div> <\/div> <\/div> <\/div>\n<\/article> <article id=\"post-8165\" class=\"col-lg-4 col-md-4 col-sm-6 col-xs-6 inline-column item-animations-not-inited post-8165 post type-post status-publish format-standard has-post-thumbnail category-nou\"> <div class=\"post-content-wrapper\" style=\"\"> <div class=\"post-image\"><div class=\"post-featured-content\"><a href=\"https:\/\/scandia.ro\/en\/2026\/02\/16\/regulament-oficial-giveaway-castiga-cu-scandia-sibiu\/\"> <picture> <source srcset=\"https:\/\/scandia.ro\/wp-content\/uploads\/2026\/02\/Scandia-Sibiu-Regulament-Concurs-1170x540px-11-feb-thegem-blog-justified.avif 1x\" media=\"(max-width: 992px)\" sizes=\"100vw\"> <source srcset=\"https:\/\/scandia.ro\/wp-content\/uploads\/2026\/02\/Scandia-Sibiu-Regulament-Concurs-1170x540px-11-feb-thegem-blog-justified-3x-small.avif 1x\" media=\"(max-width: 1100px)\" sizes=\"100vw\"> <source srcset=\"https:\/\/scandia.ro\/wp-content\/uploads\/2026\/02\/Scandia-Sibiu-Regulament-Concurs-1170x540px-11-feb-thegem-blog-justified-3x.avif 1x\" media=\"(max-width: 1920px)\" sizes=\"100vw\"> <img src=\"https:\/\/scandia.ro\/wp-content\/uploads\/2026\/02\/Scandia-Sibiu-Regulament-Concurs-1170x540px-11-feb-thegem-blog-justified.avif\" width=\"640\" height=\"480\" class=\"img-responsive\" alt=\"Scandia Regulament Concurs 1170x540px 11\" \/> <\/picture> <\/a><\/div><\/div> <div class=\"description\"> <div class=\"post-meta-conteiner\"> <div class=\"post-meta-right\"> <\/div> <\/div> <div class=\"post-title\"> <div class=\"entry-title title-h4\"><a href=\"https:\/\/scandia.ro\/en\/2026\/02\/16\/regulament-oficial-giveaway-castiga-cu-scandia-sibiu\/\" rel=\"bookmark\"><span class=\"light\">REGULAMENT OFICIAL GIVEAWAY \u201eC\u00c2\u0218TIG\u0102 CU SCANDIA SIBIU\u201d<\/span><\/a><\/div> <\/div> <div class=\"post-text\"> <div class=\"summary\"> <\/div> <\/div> <div class=\"info clearfix\"> <div class=\"post-read-more\"><div class=\"gem-button-container gem-button-position-inline thegem-button-69de714f1b60c8452\" ><a class=\"gem-button gem-button-size-tiny gem-button-style-outline gem-button-text-weight-normal gem-button-border-2\" data-ll-effect=\"drop-right-without-wrap\" style=\"border-radius: 3px;\" onmouseleave=\"\" onmouseenter=\"\" href=\"https:\/\/scandia.ro\/en\/2026\/02\/16\/regulament-oficial-giveaway-castiga-cu-scandia-sibiu\/\" target=\"_self\">Read More<\/a><\/div> <\/div> <\/div> <\/div> <\/div>\n<\/article> <article id=\"post-7464\" class=\"col-lg-4 col-md-4 col-sm-6 col-xs-6 inline-column item-animations-not-inited post-7464 post type-post status-publish format-standard has-post-thumbnail category-nou\"> <div class=\"post-content-wrapper\" style=\"\"> <div class=\"post-image\"><div class=\"post-featured-content\"><a href=\"https:\/\/scandia.ro\/en\/2025\/11\/27\/regulamentul-oficial-al-campaniei-promotionale-roata-cu-premii-scandia-2\/\"> <picture> <source srcset=\"https:\/\/scandia.ro\/wp-content\/uploads\/2025\/11\/poza_concurs_FamiliaRo_Arges-thegem-blog-justified.avif 1x\" media=\"(max-width: 992px)\" sizes=\"100vw\"> <source srcset=\"https:\/\/scandia.ro\/wp-content\/uploads\/2025\/11\/poza_concurs_FamiliaRo_Arges-thegem-blog-justified-3x-small.avif 1x\" media=\"(max-width: 1100px)\" sizes=\"100vw\"> <source srcset=\"https:\/\/scandia.ro\/wp-content\/uploads\/2025\/11\/poza_concurs_FamiliaRo_Arges-thegem-blog-justified-3x.avif 1x\" media=\"(max-width: 1920px)\" sizes=\"100vw\"> <img src=\"https:\/\/scandia.ro\/wp-content\/uploads\/2025\/11\/poza_concurs_FamiliaRo_Arges-thegem-blog-justified.avif\" width=\"640\" height=\"480\" class=\"img-responsive\" alt=\"Poza Concurs Familiaro Arges\" \/> <\/picture> <\/a><\/div><\/div> <div class=\"description\"> <div class=\"post-meta-conteiner\"> <div class=\"post-meta-right\"> <\/div> <\/div> <div class=\"post-title\"> <div class=\"entry-title title-h4\"><a href=\"https:\/\/scandia.ro\/en\/2025\/11\/27\/regulamentul-oficial-al-campaniei-promotionale-roata-cu-premii-scandia-2\/\" rel=\"bookmark\"><span class=\"light\">REGULAMENTUL OFICIAL AL CAMPANIEI PROMOTIONALE \u201eROATA CU PREMII SCANDIA\u201d<\/span><\/a><\/div> <\/div> <div class=\"post-text\"> <div class=\"summary\"> <\/div> <\/div> <div class=\"info clearfix\"> <div class=\"post-read-more\"><div class=\"gem-button-container gem-button-position-inline thegem-button-69de714f1c8663870\" ><a class=\"gem-button gem-button-size-tiny gem-button-style-outline gem-button-text-weight-normal gem-button-border-2\" data-ll-effect=\"drop-right-without-wrap\" style=\"border-radius: 3px;\" onmouseleave=\"\" onmouseenter=\"\" href=\"https:\/\/scandia.ro\/en\/2025\/11\/27\/regulamentul-oficial-al-campaniei-promotionale-roata-cu-premii-scandia-2\/\" target=\"_self\">Read More<\/a><\/div> <\/div> <\/div> <\/div> <\/div>\n<\/article> <article id=\"post-5925\" class=\"col-lg-4 col-md-4 col-sm-6 col-xs-6 inline-column item-animations-not-inited post-5925 post type-post status-publish format-standard has-post-thumbnail category-nou\"> <div class=\"post-content-wrapper\" style=\"\"> <div class=\"post-image\"><div class=\"post-featured-content\"><a href=\"https:\/\/scandia.ro\/en\/2025\/02\/27\/scandia-romana-development-a-inceput-lucrarile-la-mestecenilor-residence-un-proiect-rezidential-cu-peste-500-de-apartamente-in-sibiu\/\"> <picture> <source srcset=\"https:\/\/scandia.ro\/wp-content\/uploads\/2025\/02\/cover.png 1x\" media=\"(max-width: 992px)\" sizes=\"100vw\"> <source srcset=\"https:\/\/scandia.ro\/wp-content\/uploads\/2025\/02\/cover-thegem-blog-justified-3x-small.avif 1x\" media=\"(max-width: 1100px)\" sizes=\"100vw\"> <source srcset=\"https:\/\/scandia.ro\/wp-content\/uploads\/2025\/02\/cover-thegem-blog-justified-3x.avif 1x\" media=\"(max-width: 1920px)\" sizes=\"100vw\"> <img src=\"https:\/\/scandia.ro\/wp-content\/uploads\/2025\/02\/cover.png\" width=\"638\" height=\"418\" class=\"img-responsive\" alt=\"Cover\" \/> <\/picture> <\/a><\/div><\/div> <div class=\"description\"> <div class=\"post-meta-conteiner\"> <div class=\"post-meta-right\"> <\/div> <\/div> <div class=\"post-title\"> <div class=\"entry-title title-h4\"><a href=\"https:\/\/scandia.ro\/en\/2025\/02\/27\/scandia-romana-development-a-inceput-lucrarile-la-mestecenilor-residence-un-proiect-rezidential-cu-peste-500-de-apartamente-in-sibiu\/\" rel=\"bookmark\"><span class=\"light\">Scandia Rom\u00e2n\u0103 Development a \u00eenceput lucr\u0103rile la Mestecenilor Residence, un proiect reziden\u021bial cu peste 500 de apartamente \u00een Sibiu<\/span><\/a><\/div> <\/div> <div class=\"post-text\"> <div class=\"summary\"> <\/div> <\/div> <div class=\"info clearfix\"> <div class=\"post-read-more\"><div class=\"gem-button-container gem-button-position-inline thegem-button-69de714f1d9df8550\" ><a class=\"gem-button gem-button-size-tiny gem-button-style-outline gem-button-text-weight-normal gem-button-border-2\" data-ll-effect=\"drop-right-without-wrap\" style=\"border-radius: 3px;\" onmouseleave=\"\" onmouseenter=\"\" href=\"https:\/\/scandia.ro\/en\/2025\/02\/27\/scandia-romana-development-a-inceput-lucrarile-la-mestecenilor-residence-un-proiect-rezidential-cu-peste-500-de-apartamente-in-sibiu\/\" target=\"_self\">Read More<\/a><\/div> <\/div> <\/div> <\/div> <\/div>\n<\/article> <article id=\"post-5877\" class=\"col-lg-4 col-md-4 col-sm-6 col-xs-6 inline-column item-animations-not-inited post-5877 post type-post status-publish format-standard has-post-thumbnail category-nou\"> <div class=\"post-content-wrapper\" style=\"\"> <div class=\"post-image\"><div class=\"post-featured-content\"><a href=\"https:\/\/scandia.ro\/en\/2023\/12\/07\/documente-privind-fuziunea-scandia-food-srl-si-scandia-romana-sa\/\"> <picture> <source srcset=\"https:\/\/scandia.ro\/wp-content\/uploads\/2023\/12\/Capture-thegem-blog-justified.png 1x\" media=\"(max-width: 992px)\" sizes=\"100vw\"> <source srcset=\"https:\/\/scandia.ro\/wp-content\/uploads\/2023\/12\/Capture-thegem-blog-justified-3x-small.png 1x\" media=\"(max-width: 1100px)\" sizes=\"100vw\"> <source srcset=\"https:\/\/scandia.ro\/wp-content\/uploads\/2023\/12\/Capture-thegem-blog-justified-3x.png 1x\" media=\"(max-width: 1920px)\" sizes=\"100vw\"> <img src=\"https:\/\/scandia.ro\/wp-content\/uploads\/2023\/12\/Capture-thegem-blog-justified.png\" width=\"640\" height=\"297\" class=\"img-responsive\" alt=\"Capture\" \/> <\/picture> <\/a><\/div><\/div> <div class=\"description\"> <div class=\"post-meta-conteiner\"> <div class=\"post-meta-right\"> <\/div> <\/div> <div class=\"post-title\"> <div class=\"entry-title title-h4\"><a href=\"https:\/\/scandia.ro\/en\/2023\/12\/07\/documente-privind-fuziunea-scandia-food-srl-si-scandia-romana-sa\/\" rel=\"bookmark\"><span class=\"light\">Documente privind fuziunea Scandia Food SRL \u0219i Scandia Romana SA<\/span><\/a><\/div> <\/div> <div class=\"post-text\"> <div class=\"summary\"> <\/div> <\/div> <div class=\"info clearfix\"> <div class=\"post-read-more\"><div class=\"gem-button-container gem-button-position-inline thegem-button-69de714f1eb8a6773\" ><a class=\"gem-button gem-button-size-tiny gem-button-style-outline gem-button-text-weight-normal gem-button-border-2\" data-ll-effect=\"drop-right-without-wrap\" style=\"border-radius: 3px;\" onmouseleave=\"\" onmouseenter=\"\" href=\"https:\/\/scandia.ro\/en\/2023\/12\/07\/documente-privind-fuziunea-scandia-food-srl-si-scandia-romana-sa\/\" target=\"_self\">Read More<\/a><\/div> <\/div> <\/div> <\/div> <\/div>\n<\/article>\n<\/div><\/div><\/div><\/div><\/div><div id=\"vc_row-69de714f1f033\" class=\"vc_row wpb_row vc_row-fluid thegem-custom-69de714f1f026911\"><div class=\"wpb_column vc_column_container vc_col-sm-12 thegem-custom-69de714f1f36e6578\" ><div class=\"vc_column-inner thegem-custom-inner-69de714f1f370\"><div class=\"wpb_wrapper thegem-custom-69de714f1f36e6578\"><\/div><\/div><\/div><\/div>\n<\/div>","protected":false},"excerpt":{"rendered":"","protected":false},"author":7,"featured_media":0,"parent":0,"menu_order":0,"comment_status":"closed","ping_status":"closed","template":"","meta":{"footnotes":""},"class_list":["post-3508","page","type-page","status-publish"],"_links":{"self":[{"href":"https:\/\/scandia.ro\/en\/wp-json\/wp\/v2\/pages\/3508","targetHints":{"allow":["GET"]}}],"collection":[{"href":"https:\/\/scandia.ro\/en\/wp-json\/wp\/v2\/pages"}],"about":[{"href":"https:\/\/scandia.ro\/en\/wp-json\/wp\/v2\/types\/page"}],"author":[{"embeddable":true,"href":"https:\/\/scandia.ro\/en\/wp-json\/wp\/v2\/users\/7"}],"replies":[{"embeddable":true,"href":"https:\/\/scandia.ro\/en\/wp-json\/wp\/v2\/comments?post=3508"}],"version-history":[{"count":1,"href":"https:\/\/scandia.ro\/en\/wp-json\/wp\/v2\/pages\/3508\/revisions"}],"predecessor-version":[{"id":8143,"href":"https:\/\/scandia.ro\/en\/wp-json\/wp\/v2\/pages\/3508\/revisions\/8143"}],"wp:attachment":[{"href":"https:\/\/scandia.ro\/en\/wp-json\/wp\/v2\/media?parent=3508"}],"curies":[{"name":"wp","href":"https:\/\/api.w.org\/{rel}","templated":true}]}}