{"id":15,"date":"2021-12-20T00:27:17","date_gmt":"2021-12-19T22:27:17","guid":{"rendered":"https:\/\/scandia.ro\/?page_id=15"},"modified":"2024-04-22T14:52:10","modified_gmt":"2024-04-22T11:52:10","slug":"contact","status":"publish","type":"page","link":"https:\/\/scandia.ro\/en\/contact\/","title":{"rendered":"CONTACT"},"content":{"rendered":"<div class=\"wpb-content-wrapper\"><div id=\"vc_row-69de16f531d15\" class=\"vc_row wpb_row vc_row-fluid thegem-custom-69de16f531cc8167\"><div class=\"wpb_column vc_column_container vc_col-sm-12 thegem-custom-69de16f532115904\" ><div class=\"vc_column-inner thegem-custom-inner-69de16f532117\"><div class=\"wpb_wrapper thegem-custom-69de16f532115904\"><div class=\"vc_empty_space\"   style=\"height: 32px\"><span class=\"vc_empty_space_inner\"><\/span><\/div>\r\n\t\r\n\t\t<div class=\"wpb_text_column wpb_content_element  thegem-vc-text thegem-custom-69de16f5325a39835\"  >\r\n\t\t\t<div class=\"wpb_wrapper\">\r\n\t\t\t\t<p><span style=\"color: #000000;\">Dac\u0103 dore\u0219ti s\u0103 afli mai multe informa\u021bii despre produsele noastre, ai anumite nel\u0103muriri sau vrei s\u0103 ne dai o idee pentru a ne \u00eembun\u0103t\u0103\u021bi produsele, te rug\u0103m s\u0103 completezi formularul de mai jos \u0219i i\u021bi vom r\u0103spunde in cel mai scurt timp.<\/span><\/p>\n\r\n\t\t\t<\/div>\r\n\t\t\t<style>@media screen and (max-width: 1023px) {.thegem-vc-text.thegem-custom-69de16f5325a39835{display: block!important;}}@media screen and (max-width: 767px) {.thegem-vc-text.thegem-custom-69de16f5325a39835{display: block!important;}}@media screen and (max-width: 1023px) {.thegem-vc-text.thegem-custom-69de16f5325a39835{position: relative !important;}}@media screen and (max-width: 767px) {.thegem-vc-text.thegem-custom-69de16f5325a39835{position: relative !important;}}<\/style>\r\n\t\t<\/div>\r\n\t\r\n<\/div><\/div><\/div><\/div><div id=\"vc_row-69de16f53296d\" class=\"vc_row wpb_row vc_row-fluid vc_custom_1589884026292 thegem-custom-69de16f53295c1291\">\n<style>\n#vc_row-69de16f53296d .wpcf7-form input[type=submit]{\n    font-size: 16px;\n}\n#vc_row-69de16f53296d .gem-gmaps iframe {\n    margin-top: -54px;\n}\n<\/style>\n<div class=\"wpb_column vc_column_container vc_col-sm-12 thegem-custom-69de16f532d567011\" ><div class=\"vc_column-inner thegem-custom-inner-69de16f532d58\"><div class=\"wpb_wrapper thegem-custom-69de16f532d567011\"><div class=\"clearboth\"><\/div><style>#thegem-divider-69de16f532e41 {margin-top: 40px !important;}<\/style><div id=\"thegem-divider-69de16f532e41\" class=\"gem-divider\" style=\"\" ><\/div><\/div><\/div><\/div><div class=\"wpb_column vc_column_container vc_col-sm-12 vc_col-lg-2\/5 vc_col-md-2\/5 thegem-custom-69de16f5330e73143\" ><div class=\"vc_column-inner thegem-custom-inner-69de16f5330e9\"><div class=\"wpb_wrapper thegem-custom-69de16f5330e73143\">\r\n<div class=\"gem-gmaps gem-wrapbox gem-wrapbox-style-2\" style=\"width: 600px;\"><div class=\"gem-wrapbox-inner\"><div class=\"gem-gmaps-hide\"><iframe style=\"height: 526px;\" frameborder=\"0\" scrolling=\"no\" marginheight=\"0\" marginwidth=\"0\" src=\"https:\/\/www.google.com\/maps\/embed?pb=!1m18!1m12!1m3!1d22254.220016069637!2d24.151955641852627!3d45.7956850991827!2m3!1f0!2f0!3f0!3m2!1i1024!2i768!4f13.1!3m3!1m2!1s0x474c670769385e57%3A0xd748e304bf665a34!2sScandia%20Food!5e0!3m2!1sen!2sro!4v1689167766336!5m2!1sen!2sro&#038;t=m&#038;z=14&#038;output=embed\" class=\"gem-wrapbox-element\"><\/iframe><\/div><\/div><\/div><\/div><\/div><\/div><div class=\"map-sidebar wpb_column vc_column_container vc_col-sm-12 vc_col-lg-3\/5 vc_col-md-3\/5 thegem-custom-69de16f5336455904\" ><div class=\"vc_column-inner thegem-custom-inner-69de16f533647\"><div class=\"wpb_wrapper thegem-custom-69de16f5336455904\">\r\n\t\r\n\t\t<div class=\"wpb_text_column wpb_content_element  thegem-vc-text thegem-custom-69de16f5337f34357\"  >\r\n\t\t\t<div class=\"wpb_wrapper\">\r\n\t\t\t\t<div class=\"title-h5\">Contact Form<\/div>\n\r\n\t\t\t<\/div>\r\n\t\t\t<style>@media screen and (max-width: 1023px) {.thegem-vc-text.thegem-custom-69de16f5337f34357{display: block!important;}}@media screen and (max-width: 767px) {.thegem-vc-text.thegem-custom-69de16f5337f34357{display: block!important;}}@media screen and (max-width: 1023px) {.thegem-vc-text.thegem-custom-69de16f5337f34357{position: relative !important;}}@media screen and (max-width: 767px) {.thegem-vc-text.thegem-custom-69de16f5337f34357{position: relative !important;}}<\/style>\r\n\t\t<\/div>\r\n\t\r\n<div class=\"clearboth\"><\/div><style>#thegem-divider-69de16f53386b {margin-top: 34px !important;}<\/style><div id=\"thegem-divider-69de16f53386b\" class=\"gem-divider\" style=\"\" ><\/div>\n<div class=\"wpcf7 no-js\" id=\"wpcf7-f3476-o1\" lang=\"en-US\" dir=\"ltr\" data-wpcf7-id=\"3476\">\n<div class=\"screen-reader-response\"><p role=\"status\" aria-live=\"polite\" aria-atomic=\"true\"><\/p> <ul><\/ul><\/div>\n<form action=\"\/en\/wp-json\/wp\/v2\/pages\/15#wpcf7-f3476-o1\" method=\"post\" class=\"wpcf7-form init\" aria-label=\"Contact form\" novalidate=\"novalidate\" data-status=\"init\" data-trp-original-action=\"\/en\/wp-json\/wp\/v2\/pages\/15#wpcf7-f3476-o1\">\n<fieldset class=\"hidden-fields-container\"><input type=\"hidden\" name=\"_wpcf7\" value=\"3476\" \/><input type=\"hidden\" name=\"_wpcf7_version\" value=\"6.1.3\" \/><input type=\"hidden\" name=\"_wpcf7_locale\" value=\"en_US\" \/><input type=\"hidden\" name=\"_wpcf7_unit_tag\" value=\"wpcf7-f3476-o1\" \/><input type=\"hidden\" name=\"_wpcf7_container_post\" value=\"0\" \/><input type=\"hidden\" name=\"_wpcf7_posted_data_hash\" value=\"\" \/>\n<\/fieldset>\n<div class=\"row\">\n\t<div class=\"col-lg-12 col-md-12 col-xs-12\" style=\"margin-bottom:25px;\">\n\t\t<div class=\"form-line gem-form-icon-name\">\n\t\t\t<span class=\"wpcf7-form-control-wrap\" data-name=\"your-name\"><input size=\"40\" maxlength=\"400\" class=\"wpcf7-form-control wpcf7-text wpcf7-validates-as-required\" aria-required=\"true\" aria-invalid=\"false\" placeholder=\"Name*\" value=\"\" type=\"text\" name=\"your-name\" \/><\/span>\n\t\t<\/div>\n\t<\/div>\n\t<div class=\"col-lg-12 col-md-12 col-xs-12\" style=\"margin-bottom:25px;\">\n\t\t<div class=\"form-line gem-form-icon-phone\">\n\t\t\t<span class=\"wpcf7-form-control-wrap\" data-name=\"tel-567\"><input size=\"40\" maxlength=\"400\" class=\"wpcf7-form-control wpcf7-tel wpcf7-text wpcf7-validates-as-tel\" aria-invalid=\"false\" value=\"Num\u0103r de telefon\" type=\"tel\" name=\"tel-567\" \/><\/span>\n\t\t<\/div>\n\t<\/div>\n\t<div class=\"col-lg-12 col-md-12 col-xs-12\" style=\"margin-bottom:25px;\">\n\t\t<div class=\"form-line gem-form-icon-email\">\n\t\t\t<span class=\"wpcf7-form-control-wrap\" data-name=\"your-website\"><input size=\"40\" maxlength=\"400\" class=\"wpcf7-form-control wpcf7-email wpcf7-validates-as-required wpcf7-text wpcf7-validates-as-email\" aria-required=\"true\" aria-invalid=\"false\" placeholder=\"Email*\" value=\"\" type=\"email\" name=\"your-website\" \/><\/span>\n\t\t<\/div>\n\t<\/div>\n\t<div class=\"col-lg-12 col-md-12 col-xs-12\" style=\"margin-bottom:25px;\">\n\t\t<div class=\"form-line\"><span class=\"wpcf7-form-control-wrap\" data-name=\"your-message\"><textarea cols=\"40\" rows=\"4\" maxlength=\"2000\" class=\"wpcf7-form-control wpcf7-textarea wpcf7-validates-as-required\" aria-required=\"true\" aria-invalid=\"false\" placeholder=\"Your Message\" name=\"your-message\"><\/textarea><\/span><\/div>\n\t<\/div>\n\t<div class=\"col-lg-12 col-md-12 col-xs-12\">\n\t\t<div class=\"form-line-button\"><span class=\"wpcf7-form-control-wrap thegemgdpr\"><span class=\"wpcf7-form-control wpcf7-thegemgdpr wpcf7-validates-as-required\"><span class=\"wpcf7-list-item\"><input type=\"checkbox\" name=\"thegemgdpr\" value=\"1\" aria-required=\"true\" aria-invalid=\"false\" class=\"gem-checkbox\" \/><span class=\"wpcf7-list-item-label\">By using this form, you agree to hosting and processing your personal data, with the express purpose of contacting you.<\/span><\/span><\/span><\/span>\n\n<input class=\"wpcf7-form-control wpcf7-submit has-spinner\" type=\"submit\" value=\"Send\" \/><\/div>\n\t<\/div>\n<\/div><div class=\"wpcf7-response-output\" aria-hidden=\"true\"><\/div>\n<input type=\"hidden\" name=\"trp-form-language\" value=\"en\"\/><\/form>\n<\/div>\n<\/div><\/div><\/div><\/div><div id=\"vc_row-69de16f534646\" class=\"vc_row wpb_row vc_row-fluid thegem-custom-69de16f53463a789\"><div class=\"wpb_column vc_column_container vc_col-sm-12 thegem-custom-69de16f53499f9075\" ><div class=\"vc_column-inner thegem-custom-inner-69de16f5349a1\"><div class=\"wpb_wrapper thegem-custom-69de16f53499f9075\"><div class=\"clearboth\"><\/div><style>#thegem-divider-69de16f534a44 {margin-top: 40px !important;}<\/style><div id=\"thegem-divider-69de16f534a44\" class=\"gem-divider\" style=\"\" ><\/div><\/div><\/div><\/div><\/div><div id=\"vc_row-69de16f534dcb\" class=\"vc_row wpb_row vc_row-fluid wpb_widgetised_column thegem-custom-69de16f534dbe1819\">\n<style>\n#vc_row-69de16f534dcb .gem-icon-size-small{\n    font-size: 16px;\n}\n#vc_row-69de16f534dcb .gem-icon-with-text{\n    margin-bottom: 0;\n}\n#vc_row-69de16f534dcb .gem-icon-with-text-text p{\n    margin-bottom: 12px;    \n}\n<\/style>\n<div class=\"wpb_column vc_column_container vc_col-sm-6 vc_col-lg-3 vc_col-md-3 thegem-custom-69de16f5350eb211\" ><div class=\"vc_column-inner thegem-custom-inner-69de16f5350ed\"><div class=\"wpb_wrapper thegem-custom-69de16f5350eb211\"><div class=\"gem-image gem-wrapbox gem-wrapbox-style-default gem-wrapbox-position-left  thegem-custom-69de16f5351eb5155\"  style=\"width: 164px;height: 36px;\" ><div class=\"gem-wrapbox-inner\" ><img class=\"gem-wrapbox-element img-responsive\" src=\"https:\/\/scandia.ro\/wp-content\/uploads\/2021\/12\/logo.png\" alt=\"\"\/><\/div><\/div><div class=\"clearboth\"><\/div><style>#thegem-divider-69de16f53549b {margin-top: 1px !important;}<\/style><div id=\"thegem-divider-69de16f53549b\" class=\"gem-divider\" style=\"\" ><\/div>\r\n\t\r\n\t\t<div class=\"wpb_text_column wpb_content_element  thegem-vc-text thegem-custom-69de16f535593364\"  >\r\n\t\t\t<div class=\"wpb_wrapper\">\r\n\t\t\t\t<p>Life in full flavour!<\/p>\n\r\n\t\t\t<\/div>\r\n\t\t\t<style>@media screen and (max-width: 1023px) {.thegem-vc-text.thegem-custom-69de16f535593364{display: block!important;}}@media screen and (max-width: 767px) {.thegem-vc-text.thegem-custom-69de16f535593364{display: block!important;}}@media screen and (max-width: 1023px) {.thegem-vc-text.thegem-custom-69de16f535593364{position: relative !important;}}@media screen and (max-width: 767px) {.thegem-vc-text.thegem-custom-69de16f535593364{position: relative !important;}}<\/style>\r\n\t\t<\/div>\r\n\t\r\n<\/div><\/div><\/div><div class=\"wpb_column vc_column_container vc_col-sm-6 vc_col-lg-3 vc_col-md-3 thegem-custom-69de16f5358599964\" ><div class=\"vc_column-inner thegem-custom-inner-69de16f53585b\"><div class=\"wpb_wrapper thegem-custom-69de16f5358599964\"><div class=\"gem-icon-with-text gem-icon-with-text-icon-size-small gem-icon-with-text-flow\" ><div style=\"margin-bottom:0px;margin-top:1px; \" class=\"gem-icon-with-text-icon\"><div class=\"gem-icon gem-icon-pack-elegant gem-icon-size-small  gem-icon-shape-square gem-simple-icon\"  style=\"opacity: 1;\"><div class=\"gem-icon-inner\" style=\"\"><span class=\"gem-icon-half-1\" style=\"color: #00bcd4;\"><span class=\"back-angle\">&#xe081;<\/span><\/span><span class=\"gem-icon-half-2\" style=\"color: #00bcd4;\"><span class=\"back-angle\">&#xe081;<\/span><\/span><\/div><\/div><\/div><div class=\"gem-icon-with-text-content\" ><div class=\"gem-icon-with-text-text\">\r\n\t\r\n\t\t<div class=\"wpb_text_column wpb_content_element  vc_custom_1639957969920 thegem-vc-text thegem-custom-69de16f535bce2819\"  >\r\n\t\t\t<div class=\"wpb_wrapper\">\r\n\t\t\t\t<p style=\"text-align: left;\">Adress:<\/p>\n\r\n\t\t\t<\/div>\r\n\t\t\t<style>@media screen and (max-width: 1023px) {.thegem-vc-text.thegem-custom-69de16f535bce2819{display: block!important;}}@media screen and (max-width: 767px) {.thegem-vc-text.thegem-custom-69de16f535bce2819{display: block!important;}}@media screen and (max-width: 1023px) {.thegem-vc-text.thegem-custom-69de16f535bce2819{position: relative !important;}}@media screen and (max-width: 767px) {.thegem-vc-text.thegem-custom-69de16f535bce2819{position: relative !important;}}<\/style>\r\n\t\t<\/div>\r\n\t\r\n\r\n\t\r\n\t\t<div class=\"wpb_text_column wpb_content_element  thegem-vc-text thegem-custom-69de16f535d0a3029\"  >\r\n\t\t\t<div class=\"wpb_wrapper\">\r\n\t\t\t\t<p>Strada Podului 133<\/p>\n<p>550263,\u00a0Sibiu, Rom\u00e2nia<\/p>\n\r\n\t\t\t<\/div>\r\n\t\t\t<style>@media screen and (max-width: 1023px) {.thegem-vc-text.thegem-custom-69de16f535d0a3029{display: block!important;}}@media screen and (max-width: 767px) {.thegem-vc-text.thegem-custom-69de16f535d0a3029{display: block!important;}}@media screen and (max-width: 1023px) {.thegem-vc-text.thegem-custom-69de16f535d0a3029{position: relative !important;}}@media screen and (max-width: 767px) {.thegem-vc-text.thegem-custom-69de16f535d0a3029{position: relative !important;}}<\/style>\r\n\t\t<\/div>\r\n\t\r\n<\/div><\/div><div class=\"clearboth\"><\/div><\/div><\/div><\/div><\/div><div class=\"wpb_column vc_column_container vc_col-sm-6 vc_col-lg-3 vc_col-md-3 thegem-custom-69de16f535fdc9432\" ><div class=\"vc_column-inner thegem-custom-inner-69de16f535fde\"><div class=\"wpb_wrapper thegem-custom-69de16f535fdc9432\"><div class=\"gem-icon-with-text gem-icon-with-text-icon-size-small\" ><div style=\"margin-bottom:0px;margin-top:0px; \" class=\"gem-icon-with-text-icon\"><div class=\"gem-icon gem-icon-pack-elegant gem-icon-size-small  gem-icon-shape-square gem-simple-icon\"  style=\"opacity: 1;\"><div class=\"gem-icon-inner\" style=\"\"><span class=\"gem-icon-half-1\" style=\"color: #00bcd4;\"><span class=\"back-angle\">&#xe027;<\/span><\/span><span class=\"gem-icon-half-2\" style=\"color: #00bcd4;\"><span class=\"back-angle\">&#xe027;<\/span><\/span><\/div><\/div><\/div><div class=\"gem-icon-with-text-content\" ><div class=\"gem-icon-with-text-text\">\r\n\t\r\n\t\t<div class=\"wpb_text_column wpb_content_element  wpb_animate_when_almost_visible wpb_bottom-to-top bottom-to-top thegem-vc-text thegem-custom-69de16f5361f51838\"  >\r\n\t\t\t<div class=\"wpb_wrapper\">\r\n\t\t\t\t<p>Phone: +4 0269 208600<\/p>\n\r\n\t\t\t<\/div>\r\n\t\t\t<style>@media screen and (max-width: 1023px) {.thegem-vc-text.thegem-custom-69de16f5361f51838{display: block!important;}}@media screen and (max-width: 767px) {.thegem-vc-text.thegem-custom-69de16f5361f51838{display: block!important;}}@media screen and (max-width: 1023px) {.thegem-vc-text.thegem-custom-69de16f5361f51838{position: relative !important;}}@media screen and (max-width: 767px) {.thegem-vc-text.thegem-custom-69de16f5361f51838{position: relative !important;}}<\/style>\r\n\t\t<\/div>\r\n\t\r\n<\/div><\/div><div class=\"clearboth\"><\/div><\/div><div class=\"gem-icon-with-text gem-icon-with-text-icon-size-small\" ><div style=\"margin-bottom:0px;margin-top:0px; \" class=\"gem-icon-with-text-icon\"><div class=\"gem-icon gem-icon-pack-elegant gem-icon-size-small  gem-icon-shape-square gem-simple-icon\"  style=\"opacity: 1;\"><div class=\"gem-icon-inner\" style=\"\"><span class=\"gem-icon-half-1\" style=\"color: #00bcd4;\"><span class=\"back-angle\">&#x62;<\/span><\/span><span class=\"gem-icon-half-2\" style=\"color: #00bcd4;\"><span class=\"back-angle\">&#x62;<\/span><\/span><\/div><\/div><\/div><div class=\"gem-icon-with-text-content\" ><div class=\"gem-icon-with-text-text\">\r\n\t\r\n\t\t<div class=\"wpb_text_column wpb_content_element  thegem-vc-text thegem-custom-69de16f5363c31489\"  >\r\n\t\t\t<div class=\"wpb_wrapper\">\r\n\t\t\t\t<p>Fax: +4 0269 208610<\/p>\n\r\n\t\t\t<\/div>\r\n\t\t\t<style>@media screen and (max-width: 1023px) {.thegem-vc-text.thegem-custom-69de16f5363c31489{display: block!important;}}@media screen and (max-width: 767px) {.thegem-vc-text.thegem-custom-69de16f5363c31489{display: block!important;}}@media screen and (max-width: 1023px) {.thegem-vc-text.thegem-custom-69de16f5363c31489{position: relative !important;}}@media screen and (max-width: 767px) {.thegem-vc-text.thegem-custom-69de16f5363c31489{position: relative !important;}}<\/style>\r\n\t\t<\/div>\r\n\t\r\n<\/div><\/div><div class=\"clearboth\"><\/div><\/div><div class=\"gem-icon-with-text gem-icon-with-text-icon-size-small\" ><div style=\"margin-bottom:0px;margin-top:-10px; \" class=\"gem-icon-with-text-icon\"><div class=\"gem-icon gem-icon-pack-elegant gem-icon-size-small  gem-icon-shape-square gem-simple-icon\"  style=\"opacity: 1;\"><div class=\"gem-icon-inner\" style=\"\"><span class=\"gem-icon-half-1\" style=\"color: #00bcd4;\"><span class=\"back-angle\">&#xe010;<\/span><\/span><span class=\"gem-icon-half-2\" style=\"color: #00bcd4;\"><span class=\"back-angle\">&#xe010;<\/span><\/span><\/div><\/div><\/div><div class=\"gem-icon-with-text-content\" ><div class=\"gem-icon-with-text-text\">\r\n\t\r\n\t\t<div class=\"wpb_text_column wpb_content_element  thegem-vc-text thegem-custom-69de16f53659c4179\"  >\r\n\t\t\t<div class=\"wpb_wrapper\">\r\n\t\t\t\t<p>Email: <a href=\"mailto:office@scandia.ro\">office@scandia.ro <\/a><\/p>\n\r\n\t\t\t<\/div>\r\n\t\t\t<style>@media screen and (max-width: 1023px) {.thegem-vc-text.thegem-custom-69de16f53659c4179{display: block!important;}}@media screen and (max-width: 767px) {.thegem-vc-text.thegem-custom-69de16f53659c4179{display: block!important;}}@media screen and (max-width: 1023px) {.thegem-vc-text.thegem-custom-69de16f53659c4179{position: relative !important;}}@media screen and (max-width: 767px) {.thegem-vc-text.thegem-custom-69de16f53659c4179{position: relative !important;}}<\/style>\r\n\t\t<\/div>\r\n\t\r\n<\/div><\/div><div class=\"clearboth\"><\/div><\/div><\/div><\/div><\/div><\/div><div id=\"vc_row-69de16f536993\" class=\"vc_row wpb_row vc_row-fluid thegem-custom-69de16f5369873598\"><div class=\"wpb_column vc_column_container vc_col-sm-12 thegem-custom-69de16f536cae6064\" ><div class=\"vc_column-inner thegem-custom-inner-69de16f536cb0\"><div class=\"wpb_wrapper thegem-custom-69de16f536cae6064\"><div class=\"vc_separator wpb_content_element vc_separator_align_center vc_sep_width_100 vc_sep_pos_align_center vc_separator_no_text vc_sep_color_grey  wpb_content_element\"><span class=\"vc_sep_holder vc_sep_holder_l\"><span  class=\"vc_sep_line\"><\/span><\/span><span class=\"vc_sep_holder vc_sep_holder_r\"><span  class=\"vc_sep_line\"><\/span><\/span>\r\n<\/div><\/div><\/div><\/div><\/div>\n<\/div>","protected":false},"excerpt":{"rendered":"","protected":false},"author":7,"featured_media":0,"parent":0,"menu_order":0,"comment_status":"closed","ping_status":"closed","template":"","meta":{"footnotes":""},"class_list":["post-15","page","type-page","status-publish"],"_links":{"self":[{"href":"https:\/\/scandia.ro\/en\/wp-json\/wp\/v2\/pages\/15","targetHints":{"allow":["GET"]}}],"collection":[{"href":"https:\/\/scandia.ro\/en\/wp-json\/wp\/v2\/pages"}],"about":[{"href":"https:\/\/scandia.ro\/en\/wp-json\/wp\/v2\/types\/page"}],"author":[{"embeddable":true,"href":"https:\/\/scandia.ro\/en\/wp-json\/wp\/v2\/users\/7"}],"replies":[{"embeddable":true,"href":"https:\/\/scandia.ro\/en\/wp-json\/wp\/v2\/comments?post=15"}],"version-history":[{"count":0,"href":"https:\/\/scandia.ro\/en\/wp-json\/wp\/v2\/pages\/15\/revisions"}],"wp:attachment":[{"href":"https:\/\/scandia.ro\/en\/wp-json\/wp\/v2\/media?parent=15"}],"curies":[{"name":"wp","href":"https:\/\/api.w.org\/{rel}","templated":true}]}}