{"id":11,"date":"2021-12-20T00:26:46","date_gmt":"2021-12-19T22:26:46","guid":{"rendered":"https:\/\/scandia.ro\/?page_id=11"},"modified":"2025-11-09T22:20:01","modified_gmt":"2025-11-09T20:20:01","slug":"cariere","status":"publish","type":"page","link":"https:\/\/scandia.ro\/en\/cariere\/","title":{"rendered":"CAREERS"},"content":{"rendered":"<div id=\"scandia-careers-page\" class=\"\">\n  <div class=\"hero-wrap\"><div class=\"scandia-hero\"><img src=\"https:\/\/scandia.ro\/wp-content\/uploads\/2025\/11\/Untitled-design.png\" alt=\"Cariere - Scandia\"><\/div><\/div>\n  <div class=\"scandia-wrap\">\n    <div class=\"section scandia-intro\">\n      <h2>Al\u0103tur\u0103-te echipei noastre<\/h2>\n      <p>Suntem o companie dinamic\u0103, format\u0103 din oameni implica\u021bi, curio\u0219i \u0219i orienta\u021bi spre inova\u021bie. Credem \u00een poten\u021bialul fiec\u0103rui coleg \u0219i \u00een valoarea unei echipe care se completeaz\u0103 reciproc. Doar atunci c\u00e2nd lucr\u0103m bine \u00eempreun\u0103 putem ob\u021bine rezultate reale. Doar ca un tot unitar putem avansa \u2013 ca oameni, ca organiza\u021bie \u0219i ca parteneri de \u00eencredere. <br><br>Vrei s\u0103 faci parte dintr-o companie cu un renume bazat pe tradi\u021bie \u0219i excelen\u021b\u0103? Te provoc\u0103m s\u0103 te al\u0103turi echipei noastre de profesioni\u0219ti pasiona\u021bi din industria alimentar\u0103, care aduc z\u00e2mbete prin fiecare produs pe care \u00eel creeaz\u0103!<\/p>\n    <\/div>\n\n    <!-- PERMANENT LOGOS - FIXED LOGIC -->\n    <div class=\"section scandia-companies-logos\">\n      <div class=\"companies-logos-thumbnails\">\n                  <img src=\"https:\/\/scandia.ro\/wp-content\/uploads\/2025\/11\/Scandia-Food.avif\" alt=\"Scandia Food\" class=\"company-logo-thumb\">\n                  <img src=\"https:\/\/scandia.ro\/wp-content\/uploads\/2025\/11\/Scandia-Food-Frozen.avif\" alt=\"Scandia Food Frozen\" class=\"company-logo-thumb\">\n                  <img src=\"https:\/\/scandia.ro\/wp-content\/uploads\/2025\/11\/Agras-FF.avif\" alt=\"Agra&#039;s\" class=\"company-logo-thumb\">\n                  <img src=\"https:\/\/scandia.ro\/wp-content\/uploads\/2025\/11\/Carniprod-1.avif\" alt=\"Carniprod\" class=\"company-logo-thumb\">\n              <\/div>\n    <\/div>\n\n    <div class=\"section scandia-jobs\">\n      <h3>Open positions<\/h3>\n              <div class=\"company-section\">\n          <div class=\"company-header\">\n                          <img src=\"https:\/\/scandia.ro\/wp-content\/uploads\/2025\/11\/Carniprod-1.avif\" alt=\"Carniprod\" class=\"company-logo-rondel\" style=\"object-fit:cover;object-position:center\">\n                        <h4 class=\"company-name\">Carniprod<\/h4>\n          <\/div>\n          <div class=\"company-jobs-horizontal\">\n                                        <div class=\"job-card-wide\">\n                <div class=\"title\">Frigotehnist - Tulcea<\/div>\n                                  <div class=\"summary\">Cautam un coleg frigotehnist responsabil si dedicat pentru a intregi echipa noastra!<\/div>\n                                <a href=\"https:\/\/scandia.ro\/en\/joburi\/frigotehnist-tulcea\/\">Vezi detalii<\/a>\n              <\/div>\n                                        <div class=\"job-card-wide\">\n                <div class=\"title\">Sef Formatie Tehnic - Tulcea<\/div>\n                                  <div class=\"summary\">Carniprod Tulcea \u00ee\u0219i extinde echipa \u0219i caut\u0103 un Sef formatie Tehnic - profil electromecanic, care s\u0103 coordoneze activit\u0103\u021bile tehnice din fabric\u0103 \u0219i s\u0103 asigure func\u021bionarea optim\u0103\u2026<\/div>\n                                <a href=\"https:\/\/scandia.ro\/en\/joburi\/sef-formatie-tehnic-tulcea\/\">Vezi detalii<\/a>\n              <\/div>\n                                        <div class=\"job-card-wide\">\n                <div class=\"title\">Quality Assurance Manager - Tulcea<\/div>\n                                  <div class=\"summary\">C\u0103ut\u0103m un Manager Asigurarea Calit\u0103\u021bii pentru compania noastr\u0103 Carniprod, Tulcea (parte din Grup Scandia) \u2014 o persoan\u0103 determinat\u0103, motivat\u0103 \u0219i preg\u0103tit\u0103 s\u0103 contribuie la succesul echipei\u2026<\/div>\n                                <a href=\"https:\/\/scandia.ro\/en\/joburi\/quality-assurance-manager\/\">Vezi detalii<\/a>\n              <\/div>\n                                        <div class=\"job-card-wide\">\n                <div class=\"title\">Research and Development Specialist - Tulcea<\/div>\n                                  <div class=\"summary\">C\u0103ut\u0103m un Specialist Cercetare&amp;Dezvoltare dedicat \u0219i pasionat, care s\u0103 contribuie la dezvoltarea produselor noastre \u0219i la crearea de noi re\u021bete care s\u0103 r\u0103spund\u0103 gusturilor consumatorilor de\u2026<\/div>\n                                <a href=\"https:\/\/scandia.ro\/en\/joburi\/research-and-development-specialist\/\">Vezi detalii<\/a>\n              <\/div>\n                      <\/div>\n        <\/div>\n              <div class=\"company-section\">\n          <div class=\"company-header\">\n                          <img src=\"https:\/\/scandia.ro\/wp-content\/uploads\/2025\/11\/Scandia-Food-Frozen.avif\" alt=\"Scandia Food Frozen\" class=\"company-logo-rondel\" style=\"object-fit:cover;object-position:center\">\n                        <h4 class=\"company-name\">Scandia Food Frozen<\/h4>\n          <\/div>\n          <div class=\"company-jobs-horizontal\">\n                                        <div class=\"job-card-wide\">\n                <div class=\"title\">Gestionar - Petrachioaia (Jud. Ilfov)<\/div>\n                                  <div class=\"summary\">Esti o persoana organizata si iti place sa tii lucrurile sub control? Alatura-te echipei noastre ca Gestionar si ajuta-ne sa mentinem stocurile in ordine si livrarile\u2026<\/div>\n                                <a href=\"https:\/\/scandia.ro\/en\/joburi\/gestionar-petrachioaia-jud-ilfov\/\">Vezi detalii<\/a>\n              <\/div>\n                                        <div class=\"job-card-wide\">\n                <div class=\"title\">Director export - Petrachioaia (Jud. Ilfov)<\/div>\n                                  <div class=\"summary\">La Scandia Food Frozen, dezvoltam produse moderne din categoria ready to cook si ready to eat, adaptate stilului de viata actual. Cautam un profesionist cu viziune\u2026<\/div>\n                                <a href=\"https:\/\/scandia.ro\/en\/joburi\/director-export-petrachioaia-jud-ilfov\/\">Vezi detalii<\/a>\n              <\/div>\n                                        <div class=\"job-card-wide\">\n                <div class=\"title\">Manager vanzari HORECA<\/div>\n                                  <div class=\"summary\">Scandia Food Frozen \u00ee\u0219i extinde echipa \u0219i caut\u0103 un profesionist cu adev\u0103rat pasionat de v\u00e2nz\u0103ri \u0219i dezvoltare \u00een canalul HORECA.<\/div>\n                                <a href=\"https:\/\/scandia.ro\/en\/joburi\/manager-vanzari-horeca\/\">Vezi detalii<\/a>\n              <\/div>\n                                        <div class=\"job-card-wide\">\n                <div class=\"title\">Operator facturi-comenzi - Petrachioaia (Jud. Ilfov)<\/div>\n                                  <div class=\"summary\">Cau\u021bi un rol stabil \u00eentr-o companie serioas\u0103, unde munca ta este apreciat\u0103? Dac\u0103 \u00ee\u021bi place lucrul cu documente, ai aten\u021bie la detalii \u0219i e\u0219ti o persoan\u0103\u2026<\/div>\n                                <a href=\"https:\/\/scandia.ro\/en\/joburi\/operator-facturi-comenzi\/\">Vezi detalii<\/a>\n              <\/div>\n                                        <div class=\"job-card-wide\">\n                <div class=\"title\">Team Leader Igienizare - Petrachioaia (Jud. Ilfov)<\/div>\n                                  <div class=\"summary\">E\u0219ti o persoan\u0103 organizat\u0103, atent\u0103 la detalii \u0219i \u00ee\u021bi place s\u0103 coordonezi echipe? Atunci s-ar putea ca tu s\u0103 fii viitorul nostru coleg! C\u0103ut\u0103m un profesionist\u2026<\/div>\n                                <a href=\"https:\/\/scandia.ro\/en\/joburi\/team-leader-igienizare\/\">Vezi detalii<\/a>\n              <\/div>\n                      <\/div>\n        <\/div>\n              <div class=\"company-section\">\n          <div class=\"company-header\">\n                          <img src=\"https:\/\/scandia.ro\/wp-content\/uploads\/2025\/11\/Scandia-Food.avif\" alt=\"Scandia Food\" class=\"company-logo-rondel\" style=\"object-fit:cover;object-position:center\">\n                        <h4 class=\"company-name\">Scandia Food<\/h4>\n          <\/div>\n          <div class=\"company-jobs-horizontal\">\n                                        <div class=\"job-card-wide\">\n                <div class=\"title\">Asistent Operatiuni IT - Sibiu<\/div>\n                                  <div class=\"summary\">Pentru echipa Scandia Food, cautam un\u00a0Asistent Operatiuni IT\u00a0care isi doreste sa faca urmatorul pas in cariera si sa se alature unei companii cu renume, cu proiecte\u2026<\/div>\n                                <a href=\"https:\/\/scandia.ro\/en\/joburi\/asistent-operatiuni-it-sibiu\/\">Vezi detalii<\/a>\n              <\/div>\n                                        <div class=\"job-card-wide\">\n                <div class=\"title\">System Administrator Junior - Sibiu<\/div>\n                                  <div class=\"summary\">Pentru echipa Scandia Food, cautam un System Administrator care isi doreste sa faca urmatorul pas in cariera si sa se alature unei companii cu renume, cu\u2026<\/div>\n                                <a href=\"https:\/\/scandia.ro\/en\/joburi\/system-administrator-junior-sibiu\/\">Vezi detalii<\/a>\n              <\/div>\n                                        <div class=\"job-card-wide\">\n                <div class=\"title\">Tehnician Intretinere - Mecanic (Sibiu)<\/div>\n                                  <div class=\"summary\">\u00ce\u021bi dore\u0219ti stabilitate profesional\u0103 \u00eentr-o companie cu experien\u021b\u0103 solid\u0103 \u00een domeniu? Ai cuno\u0219tin\u021be \u00een mecanic\u0103 sau ai lucrat \u00een \u00eentre\u021binerea utilajelor? Al\u0103tur\u0103-te echipei noastre!<\/div>\n                                <a href=\"https:\/\/scandia.ro\/en\/joburi\/tehnician-intretinere-mecanic-sibiu\/\">Vezi detalii<\/a>\n              <\/div>\n                                        <div class=\"job-card-wide\">\n                <div class=\"title\">Expert Achizitii Publice<\/div>\n                                  <div class=\"summary\">Pentru echipa Scandia Food cautam un coleg pentru pozitia de Expert in Achizitii Publice. Daca ai experienta in managementul proiectelor de achizitii publice, cunosti procedurile specifice\u2026<\/div>\n                                <a href=\"https:\/\/scandia.ro\/en\/joburi\/expert-achizitii-publice\/\">Vezi detalii<\/a>\n              <\/div>\n                                        <div class=\"job-card-wide\">\n                <div class=\"title\">Macelar - Transator<\/div>\n                                  <div class=\"summary\">Cau\u021bi un loc de munc\u0103 stabil \u00eentr-o companie cu tradi\u021bie? Ai experien\u021b\u0103 \u00een tran\u0219are \u0219i\/sau fasonare carne de porc \u0219i carne de vit\u0103? Te a\u0219tept\u0103m s\u0103\u2026<\/div>\n                                <a href=\"https:\/\/scandia.ro\/en\/joburi\/macelar-transator\/\">Vezi detalii<\/a>\n              <\/div>\n                                        <div class=\"job-card-wide\">\n                <div class=\"title\">\u0218ef Forma\u021bie Produc\u021bie - Sibiu<\/div>\n                                  <div class=\"summary\">C\u0103ut\u0103m un \u0218ef Forma\u021bie Produc\u021bie care s\u0103 coordoneze \u0219i s\u0103 supravegheze activitatea echipei din cadrul forma\u021biei de produc\u021bie, asigur\u00e2nd realizarea planului de produc\u021bie \u00een condi\u021bii de\u2026<\/div>\n                                <a href=\"https:\/\/scandia.ro\/en\/joburi\/sef-formatie-productie-sibiu\/\">Vezi detalii<\/a>\n              <\/div>\n                                        <div class=\"job-card-wide\">\n                <div class=\"title\">Tehnician Intretinere - Sibiu<\/div>\n                                  <div class=\"summary\">C\u0103ut\u0103m un coleg cu experien\u021b\u0103 \u00een amenaj\u0103ri interioare pentru lucr\u0103ri interne de \u00eentre\u021binere \u0219i revizii. Dac\u0103 te reg\u0103se\u0219ti, te a\u0219tept\u0103m \u00een echipa noastr\u0103.<\/div>\n                                <a href=\"https:\/\/scandia.ro\/en\/joburi\/tehnician-intretinere\/\">Vezi detalii<\/a>\n              <\/div>\n                                        <div class=\"job-card-wide\">\n                <div class=\"title\">Merchandiser - Constanta<\/div>\n                                  <div class=\"summary\">E\u0219ti o persoan\u0103 comunicativ\u0103, orientat\u0103 c\u0103tre client \u0219i \u00ee\u021bi place s\u0103 lucrezi \u00eentr-un mediu dinamic?<\/div>\n                                <a href=\"https:\/\/scandia.ro\/en\/joburi\/merchandiser-constanta\/\">Vezi detalii<\/a>\n              <\/div>\n                                        <div class=\"job-card-wide\">\n                <div class=\"title\">Reglor - Sibiu<\/div>\n                                  <div class=\"summary\">Cau\u021bi\u00a0un loc de munc\u0103 stabil\u00a0\u00eentr-o companie cu mult\u0103 tradi\u021bie?\u00a0Ai experien\u021b\u0103 \u00een reglarea echipamentelor?\u00a0Vino s\u0103 faci parte din echipa noastr\u0103!\ufe08\ufe0d\ufe06\ufe06\ufe07\ufe02\ufe0e\ufe02\u200b\ufe02\ufe06\ufe04\ufe04\u200b\ufe01\ufe01\ufe0e\ufe0c\u200b\ufe08\ufe02\ufe07\ufe0d\u200b\ufe08\ufe06\ufe05\ufe0f\ufe0a\ufe04\ufe08\ufe0c\ufe0a\ufe0e\ufe02\ufe0e<\/div>\n                                <a href=\"https:\/\/scandia.ro\/en\/joburi\/reglor\/\">Vezi detalii<\/a>\n              <\/div>\n                                        <div class=\"job-card-wide\">\n                <div class=\"title\">Electrician - Sibiu<\/div>\n                                  <div class=\"summary\">Cau\u021bi\u00a0un loc de munc\u0103 stabil\u00a0\u00eentr-o companie cu mult\u0103 tradi\u021bie?\u00a0Ai experien\u021b\u0103 ca electrician ?\u00a0Vino s\u0103 faci parte din echipa noastr\u0103!\ufe08\ufe0d\ufe06\ufe06\ufe07\ufe02\ufe0e\ufe02\u200b\ufe02\ufe06\ufe04\ufe04\u200b\ufe01\ufe01\ufe0e\ufe0c\u200b\ufe08\ufe02\ufe07\ufe0d\u200b\ufe08\ufe06\ufe05\ufe0f\ufe0a\ufe04\ufe08\ufe0c\ufe0a\ufe0e\ufe02\ufe0e<\/div>\n                                <a href=\"https:\/\/scandia.ro\/en\/joburi\/electrician\/\">Vezi detalii<\/a>\n              <\/div>\n                                        <div class=\"job-card-wide\">\n                <div class=\"title\">Frigotehnist - Sibiu<\/div>\n                                  <div class=\"summary\">Cau\u021bi\u00a0un loc de munc\u0103 stabil\u00a0\u00eentr-o companie cu mult\u0103 tradi\u021bie?\u00a0Ai experien\u021b\u0103 ca electrician, instalator sau mecanic \u00eentre\u021binere?\u00a0Vino s\u0103 faci parte din echipa noastr\u0103!\ufe08\ufe0d\ufe06\ufe06\ufe07\ufe02\ufe0e\ufe02\u200b\ufe02\ufe06\ufe04\ufe04\u200b\ufe01\ufe01\ufe0e\ufe0c\u200b\ufe08\ufe02\ufe07\ufe0d\u200b\ufe08\ufe06\ufe05\ufe0f\ufe0a\ufe04\ufe08\ufe0c\ufe0a\ufe0e\ufe02\ufe0e<\/div>\n                                <a href=\"https:\/\/scandia.ro\/en\/joburi\/frigotehnist-2\/\">Vezi detalii<\/a>\n              <\/div>\n                      <\/div>\n        <\/div>\n              <div class=\"company-section\">\n          <div class=\"company-header\">\n                          <img src=\"https:\/\/scandia.ro\/wp-content\/uploads\/2025\/11\/Agras-FF.png\" alt=\"Agra&#039;s Food Factory\" class=\"company-logo-rondel\" style=\"object-fit:cover;object-position:center\">\n                        <h4 class=\"company-name\">Agra&#039;s Food Factory<\/h4>\n          <\/div>\n          <div class=\"company-jobs-horizontal\">\n                                        <div class=\"job-card-wide\">\n                <div class=\"title\">Buyer Junior \u2013 Alba Iulia<\/div>\n                                  <div class=\"summary\">Cautam un coleg pentru a ocupa postul de Buyer Junior care sa contribuie la gestionarea eficienta a proceselor de achizitii si la dezvoltarea relatiilor cu furnizorii.\u2026<\/div>\n                                <a href=\"https:\/\/scandia.ro\/en\/joburi\/buyer-junior-alba-iulia\/\">Vezi detalii<\/a>\n              <\/div>\n                                        <div class=\"job-card-wide\">\n                <div class=\"title\">Agent V\u00e2nz\u0103ri Timi\u0219oara\/Arad<\/div>\n                                  <div class=\"summary\">Vino al\u0103turi de noi \u0219i contribuie la dezvoltarea unei re\u021bele comerciale solide \u00een industria mezelurilor!\u00a0<\/div>\n                                <a href=\"https:\/\/scandia.ro\/en\/joburi\/agent-vanzari-timisoara-arad\/\">Vezi detalii<\/a>\n              <\/div>\n                                        <div class=\"job-card-wide\">\n                <div class=\"title\">Lucr\u0103tor Comercial \u2013 Scandia Retail - Alba Iulia<\/div>\n                                  <div class=\"summary\">E\u0219ti o persoan\u0103 atent\u0103 la detalii, serioas\u0103 \u0219i cu spirit de echip\u0103? Al\u0103tur\u0103-te echipei\u00a0Scandia Retail! C\u0103ut\u0103m un\u00a0lucr\u0103tor comercial\u00a0dedicat \u0219i amabil pentru magazinul nostru din Alba Iulia.<\/div>\n                                <a href=\"https:\/\/scandia.ro\/en\/joburi\/lucrator-comercial-scandia-retail-alba-iulia\/\">Vezi detalii<\/a>\n              <\/div>\n                                        <div class=\"job-card-wide\">\n                <div class=\"title\">Inginer Tehnolog Industrie Alimentara - Alba<\/div>\n                                  <div class=\"summary\">C\u0103ut\u0103m un\u00a0Inginer tehnolog in industrie alimentara\u00a0care s\u0103 coordoneze \u0219i s\u0103 supravegheze activitatea echipei din cadrul forma\u021biei de produc\u021bie, asigur\u00e2nd realizarea planului de produc\u021bie \u00een condi\u021bii de\u2026<\/div>\n                                <a href=\"https:\/\/scandia.ro\/en\/joburi\/inginer-tehnolog-industrie-alimentara\/\">Vezi detalii<\/a>\n              <\/div>\n                                        <div class=\"job-card-wide\">\n                <div class=\"title\">Agent de V\u00e2nz\u0103ri \u2013 zona Bucure\u0219ti<\/div>\n                                  <div class=\"summary\">Vino al\u0103turi de noi \u0219i contribuie la dezvoltarea unei re\u021bele comerciale solide \u00een industria mezelurilor! Loca\u021bie: Depozit Agra\u2019s \u2013 \u0218oseaua de Centur\u0103 nr. 13A, Comuna Chiajna,\u2026<\/div>\n                                <a href=\"https:\/\/scandia.ro\/en\/joburi\/agent-de-vanzari-zona-bucuresti\/\">Vezi detalii<\/a>\n              <\/div>\n                                        <div class=\"job-card-wide\">\n                <div class=\"title\">\u0218ofer Distribu\u021bie \u2013 categoria B (zonele Oradea- Satu Mare)<\/div>\n                                  <div class=\"summary\">Agras Food Factory, companie cu tradi\u021bie \u00een industria alimentar\u0103, caut\u0103 un\u00a0\u0219ofer de distribu\u021bie\u00a0responsabil, punctual \u0219i orientat c\u0103tre client, pentru livrarea produselor c\u0103tre partenerii din zona\u00a0alocata. &nbsp;<\/div>\n                                <a href=\"https:\/\/scandia.ro\/en\/joburi\/sofer-distributie-categoria-b-zonele-oradea-satu-mare\/\">Vezi detalii<\/a>\n              <\/div>\n                      <\/div>\n        <\/div>\n            \n            \n    <\/div>\n\n    <div class=\"section form-block\">\n      <h2 class=\"section-title\">NU AI G\u0102SIT POZI\u021aIA POTRIVIT\u0102?<\/h2>\n            <form method=\"post\" enctype=\"multipart\/form-data\" action=\"\">\n        <input type=\"hidden\" id=\"scandia_cariere_nonce\" name=\"scandia_cariere_nonce\" value=\"9bf2db2186\" \/><input type=\"hidden\" name=\"_wp_http_referer\" value=\"\/en\/wp-json\/wp\/v2\/pages\/11\" \/><input type=\"hidden\" name=\"job_id\" value=\"0\">\n        <div class=\"fields\">\n          <div class=\"field\"><label for=\"name\">Name*<\/label><input type=\"text\" id=\"name\" name=\"name\" required><\/div>\n          <div class=\"field\"><label for=\"email\">Email*<\/label><input type=\"email\" id=\"email\" name=\"email\" required><\/div>\n          <div class=\"field\"><label for=\"phone\">Telefon*<\/label><input type=\"tel\" id=\"phone\" name=\"phone\" required><\/div>\n          <div class=\"field\"><label for=\"cv_file\">\u00cencarc\u0103 CV-ul t\u0103u*<\/label><input type=\"file\" id=\"cv_file\" name=\"cv_file\" accept=\".doc,.docx,.pdf,.txt\" required><div class=\"note\">CV-ul e obligatoriu de incarcat<\/div><div class=\"file-help\">doc, docx, pdf<\/div><\/div>\n        <\/div>\n        <label class=\"checkbox\" style=\"margin-top:10px\"><input type=\"checkbox\" id=\"gdpr\" class=\"gdpr-check\" name=\"gdpr_ok\" value=\"1\">\n          <span>Sunt de acord cu stocarea \u0219i prelucrarea datelor mele personale*<\/span><\/label>\n        <div class=\"actions\"><button type=\"submit\" class=\"btn\" disabled>Send<\/button><\/div>\n      <input type=\"hidden\" name=\"trp-form-language\" value=\"en\"\/><\/form>\n    <\/div>\n\n    <div class=\"section form-block\">\n      <h3>E\u0219ti gata s\u0103 te al\u0103turi echipei noastre?<\/h3>\n      <p>Aplic\u0103 acum \u0219i \u00eencepe o carier\u0103 plin\u0103 de provoc\u0103ri \u0219i satisfac\u021bii!<\/p>\n      <p><strong>Contact HR:<\/strong> resurseumane@scandia.ro<\/p>\n    <\/div>\n  <\/div>\n<\/div>","protected":false},"excerpt":{"rendered":"","protected":false},"author":7,"featured_media":0,"parent":0,"menu_order":0,"comment_status":"closed","ping_status":"closed","template":"","meta":{"footnotes":""},"class_list":["post-11","page","type-page","status-publish"],"_links":{"self":[{"href":"https:\/\/scandia.ro\/en\/wp-json\/wp\/v2\/pages\/11","targetHints":{"allow":["GET"]}}],"collection":[{"href":"https:\/\/scandia.ro\/en\/wp-json\/wp\/v2\/pages"}],"about":[{"href":"https:\/\/scandia.ro\/en\/wp-json\/wp\/v2\/types\/page"}],"author":[{"embeddable":true,"href":"https:\/\/scandia.ro\/en\/wp-json\/wp\/v2\/users\/7"}],"replies":[{"embeddable":true,"href":"https:\/\/scandia.ro\/en\/wp-json\/wp\/v2\/comments?post=11"}],"version-history":[{"count":0,"href":"https:\/\/scandia.ro\/en\/wp-json\/wp\/v2\/pages\/11\/revisions"}],"wp:attachment":[{"href":"https:\/\/scandia.ro\/en\/wp-json\/wp\/v2\/media?parent=11"}],"curies":[{"name":"wp","href":"https:\/\/api.w.org\/{rel}","templated":true}]}}